{"id":534980,"date":"2022-11-02T16:50:18","date_gmt":"2022-11-02T15:50:18","guid":{"rendered":"https:\/\/tilefly.com\/producto\/colorful-white-rect-30x90\/"},"modified":"2024-08-13T15:33:13","modified_gmt":"2024-08-13T13:33:13","slug":"colorful-white-rect-30x90","status":"publish","type":"product","link":"https:\/\/tilefly.com\/de\/produkt\/colorful-white-rect-30x90\/","title":{"rendered":"COLORFUL WHITE RECT. 30X90"},"content":{"rendered":"<h1><strong>Wei\u00dfe Paste Fliese COLORFUL WHITE RECT.<br \/>30X90 <\/strong><\/h1><p>Diese Fliese Pasta Blanca im Format cm, matte Oberfl\u00e4che, Farbe Natur und Wei\u00df ist perfekt f\u00fcr Ihr Zuhause.<br \/>Ihr Herstellungsmaterial ist White Paste. <\/p><p>Besondere Merkmale: Einfarbig<\/p>","protected":false},"excerpt":{"rendered":"<p>Wei\u00dfe Paste Fliese COLORFUL WHITE RECT.30X90 Diese Fliese Pasta Blanca im Format cm, matte Oberfl\u00e4che, Farbe Natur und Wei\u00df ist perfekt f\u00fcr Ihr Zuhause.Ihr Herstellungsmaterial ist White Paste. Besondere Merkmale: Einfarbig<\/p>\n","protected":false},"featured_media":519749,"comment_status":"closed","ping_status":"closed","template":"","meta":[],"product_brand":[],"product_cat":[457,458,459],"product_tag":[],"class_list":{"0":"post-534980","1":"product","2":"type-product","3":"status-publish","4":"has-post-thumbnail","6":"product_cat-badezimmer","7":"product_cat-kuchen","8":"product_cat-wandfliesen","10":"first","11":"instock","12":"shipping-taxable","13":"purchasable","14":"product-type-simple"},"_links":{"self":[{"href":"https:\/\/tilefly.com\/de\/wp-json\/wp\/v2\/product\/534980","targetHints":{"allow":["GET"]}}],"collection":[{"href":"https:\/\/tilefly.com\/de\/wp-json\/wp\/v2\/product"}],"about":[{"href":"https:\/\/tilefly.com\/de\/wp-json\/wp\/v2\/types\/product"}],"replies":[{"embeddable":true,"href":"https:\/\/tilefly.com\/de\/wp-json\/wp\/v2\/comments?post=534980"}],"wp:featuredmedia":[{"embeddable":true,"href":"https:\/\/tilefly.com\/de\/wp-json\/wp\/v2\/media\/519749"}],"wp:attachment":[{"href":"https:\/\/tilefly.com\/de\/wp-json\/wp\/v2\/media?parent=534980"}],"wp:term":[{"taxonomy":"product_brand","embeddable":true,"href":"https:\/\/tilefly.com\/de\/wp-json\/wp\/v2\/product_brand?post=534980"},{"taxonomy":"product_cat","embeddable":true,"href":"https:\/\/tilefly.com\/de\/wp-json\/wp\/v2\/product_cat?post=534980"},{"taxonomy":"product_tag","embeddable":true,"href":"https:\/\/tilefly.com\/de\/wp-json\/wp\/v2\/product_tag?post=534980"}],"curies":[{"name":"wp","href":"https:\/\/api.w.org\/{rel}","templated":true}]}}