{"id":534972,"date":"2022-01-31T17:25:09","date_gmt":"2022-01-31T16:25:09","guid":{"rendered":"https:\/\/tilefly.com\/producto\/coccio-mix-rect-30x30\/"},"modified":"2024-08-13T15:33:08","modified_gmt":"2024-08-13T13:33:08","slug":"coccio-mix-rect-30x30","status":"publish","type":"product","link":"https:\/\/tilefly.com\/de\/produkt\/coccio-mix-rect-30x30\/","title":{"rendered":"COCCIO MIX RECT. 30X30"},"content":{"rendered":"<p>Eine Neuinterpretation des klassischen Terrazzo in einer Farbpalette, die die warmen T\u00f6ne verst\u00e4rkt.<br \/>Ein zeitgen\u00f6ssisches Design voller Pers\u00f6nlichkeit.<br \/>Erh\u00e4ltlich in den Gr\u00f6\u00dfen 30&#215;30, 60&#215;60 und 120&#215;120 cm.  <\/p>","protected":false},"excerpt":{"rendered":"<p>Eine Neuinterpretation des klassischen Terrazzo in einer Farbpalette, die die warmen T\u00f6ne verst\u00e4rkt.Ein zeitgen\u00f6ssisches Design voller Pers\u00f6nlichkeit.Erh\u00e4ltlich in den Gr\u00f6\u00dfen 30&#215;30, 60&#215;60 und 120&#215;120 cm.<\/p>\n","protected":false},"featured_media":514028,"comment_status":"closed","ping_status":"closed","template":"","meta":[],"product_brand":[],"product_cat":[457,460,458,456,459],"product_tag":[],"class_list":{"0":"post-534972","1":"product","2":"type-product","3":"status-publish","4":"has-post-thumbnail","6":"product_cat-badezimmer","7":"product_cat-bodenfliesen","8":"product_cat-kuchen","9":"product_cat-vohnzimmer","10":"product_cat-wandfliesen","12":"first","13":"instock","14":"shipping-taxable","15":"purchasable","16":"product-type-simple"},"_links":{"self":[{"href":"https:\/\/tilefly.com\/de\/wp-json\/wp\/v2\/product\/534972","targetHints":{"allow":["GET"]}}],"collection":[{"href":"https:\/\/tilefly.com\/de\/wp-json\/wp\/v2\/product"}],"about":[{"href":"https:\/\/tilefly.com\/de\/wp-json\/wp\/v2\/types\/product"}],"replies":[{"embeddable":true,"href":"https:\/\/tilefly.com\/de\/wp-json\/wp\/v2\/comments?post=534972"}],"wp:featuredmedia":[{"embeddable":true,"href":"https:\/\/tilefly.com\/de\/wp-json\/wp\/v2\/media\/514028"}],"wp:attachment":[{"href":"https:\/\/tilefly.com\/de\/wp-json\/wp\/v2\/media?parent=534972"}],"wp:term":[{"taxonomy":"product_brand","embeddable":true,"href":"https:\/\/tilefly.com\/de\/wp-json\/wp\/v2\/product_brand?post=534972"},{"taxonomy":"product_cat","embeddable":true,"href":"https:\/\/tilefly.com\/de\/wp-json\/wp\/v2\/product_cat?post=534972"},{"taxonomy":"product_tag","embeddable":true,"href":"https:\/\/tilefly.com\/de\/wp-json\/wp\/v2\/product_tag?post=534972"}],"curies":[{"name":"wp","href":"https:\/\/api.w.org\/{rel}","templated":true}]}}