{"id":534948,"date":"2024-01-20T15:32:02","date_gmt":"2024-08-13T13:32:44","guid":{"rendered":"https:\/\/tilefly.com\/producto\/plus-caliope-pearl-mt-60x60-rect-20mm-inout\/"},"modified":"2024-08-13T15:32:44","modified_gmt":"2024-08-13T13:32:44","slug":"plus-caliope-pearl-mt-60x60-rect-20mm-inout","status":"publish","type":"product","link":"https:\/\/tilefly.com\/de\/produkt\/plus-caliope-pearl-mt-60x60-rect-20mm-inout\/","title":{"rendered":"PLUS CALIOPE PEARL MT 60X60 RECT (20MM) INOUT"},"content":{"rendered":"<h1><strong>Glasiertes Feinsteinzeug PLUS CALIOPE PEARL MT 60X60 RECT (20MM) INOUT<\/strong><\/h1><p>  Diese Fliese der Serie CALIOPE im Format 60X60 ist ein glasiertes Feinsteinzeug in der Farbe pearl in matt +&#8217;. Diese Fliese verf\u00fcgt \u00fcber die INOUT-Technologie, eine Eigenschaft des Materials, die sie weich im Griff macht und gleichzeitig eine Rutschfestigkeit zwischen C2-C3 und R10-R11 bietet, ideal f\u00fcr die Verlegung innerhalb und au\u00dferhalb des Hauses. n&#8217;  <\/p><h2 id=\"plus-caliope-pearl-mt-60x60-rect-20mm-inout\">PLUS CALIOPE PERLE MT 60X60 RECT (20MM) INOUT<\/h2><p>  PLUS Caliope Pearl MT 60&#215;60 cm RECT mit 20 mm Dicke INOUT ist der Inbegriff von St\u00e4rke und Raffinesse.<br \/>Ihre matte Oberfl\u00e4che und ihr Perlmuttton verleihen jeder Umgebung einen Hauch von schlichter Eleganz.<br \/>Diese Fliese wurde entwickelt, um einer intensiven Nutzung im Innen- und Au\u00dfenbereich standzuhalten. Sie ist ideal f\u00fcr Bereiche, die ein haltbares und \u00e4sthetisch ansprechendes Material erfordern.<br \/>Die rutschfeste C3\/R10-Oberfl\u00e4che gew\u00e4hrleistet Sicherheit und Funktionalit\u00e4t unter allen Bedingungen.   <\/p>","protected":false},"excerpt":{"rendered":"<p>Glasiertes Feinsteinzeug PLUS CALIOPE PEARL MT 60X60 RECT (20MM) INOUT Diese Fliese der Serie CALIOPE im Format 60X60 ist ein glasiertes Feinsteinzeug in der Farbe pearl in matt +&#8217;. Diese Fliese verf\u00fcgt \u00fcber die INOUT-Technologie, eine Eigenschaft des Materials, die sie weich im Griff macht und gleichzeitig eine Rutschfestigkeit zwischen C2-C3 und R10-R11 bietet, ideal [&hellip;]<\/p>\n","protected":false},"featured_media":525994,"comment_status":"open","ping_status":"closed","template":"","meta":[],"product_brand":[],"product_cat":[456],"product_tag":[],"class_list":{"0":"post-534948","1":"product","2":"type-product","3":"status-publish","4":"has-post-thumbnail","6":"product_cat-vohnzimmer","8":"first","9":"outofstock","10":"shipping-taxable","11":"purchasable","12":"product-type-simple"},"_links":{"self":[{"href":"https:\/\/tilefly.com\/de\/wp-json\/wp\/v2\/product\/534948","targetHints":{"allow":["GET"]}}],"collection":[{"href":"https:\/\/tilefly.com\/de\/wp-json\/wp\/v2\/product"}],"about":[{"href":"https:\/\/tilefly.com\/de\/wp-json\/wp\/v2\/types\/product"}],"replies":[{"embeddable":true,"href":"https:\/\/tilefly.com\/de\/wp-json\/wp\/v2\/comments?post=534948"}],"wp:featuredmedia":[{"embeddable":true,"href":"https:\/\/tilefly.com\/de\/wp-json\/wp\/v2\/media\/525994"}],"wp:attachment":[{"href":"https:\/\/tilefly.com\/de\/wp-json\/wp\/v2\/media?parent=534948"}],"wp:term":[{"taxonomy":"product_brand","embeddable":true,"href":"https:\/\/tilefly.com\/de\/wp-json\/wp\/v2\/product_brand?post=534948"},{"taxonomy":"product_cat","embeddable":true,"href":"https:\/\/tilefly.com\/de\/wp-json\/wp\/v2\/product_cat?post=534948"},{"taxonomy":"product_tag","embeddable":true,"href":"https:\/\/tilefly.com\/de\/wp-json\/wp\/v2\/product_tag?post=534948"}],"curies":[{"name":"wp","href":"https:\/\/api.w.org\/{rel}","templated":true}]}}