{"id":534944,"date":"2024-01-20T15:31:47","date_gmt":"2024-08-13T13:32:39","guid":{"rendered":"https:\/\/tilefly.com\/producto\/plus-caliope-beige-mt-60x60-rect-20mm-inout\/"},"modified":"2024-08-13T15:32:39","modified_gmt":"2024-08-13T13:32:39","slug":"plus-caliope-beige-mt-60x60-rect-20mm-inout","status":"publish","type":"product","link":"https:\/\/tilefly.com\/de\/produkt\/plus-caliope-beige-mt-60x60-rect-20mm-inout\/","title":{"rendered":"PLUS CALIOPE BEIGE MT 60X60 RECT (20MM) INOUT"},"content":{"rendered":"<h1><strong>Glasiertes Feinsteinzeug PLUS CALIOPE BEIGE MT 60X60 RECT (20MM) INOUT<\/strong><\/h1><p>  Diese Fliese aus der Serie CALIOPE im Format 60X60 ist ein beigefarbenes glasiertes Feinsteinzeug in Matte +&#8217; Diese Fliese verf\u00fcgt \u00fcber die INOUT-Technologie, eine Eigenschaft des Materials, die sie weich im Griff macht und gleichzeitig eine rutschfeste Fliese zwischen C2-C3 und R10-R11 ist, ideal f\u00fcr die Verlegung innerhalb und au\u00dferhalb des Hauses. n&#8217;  <\/p><h2 id=\"plus-caliope-beige-mt-60x60-rect-20mm-inout\">PLUS CALIOPE BEIGE MT 60X60 RECT (20MM) INOUT<\/h2><p>  Die 60&#215;60 cm gro\u00dfe Fliese RECT PLUS Caliope Beige MT 60&#215;60 cm PLUS mit einer robusten St\u00e4rke von 20 mm INOUT ist eine praktische und elegante Verkleidungsl\u00f6sung.<br \/>Ihr Beigeton und die matte Oberfl\u00e4che verleihen jedem Raum eine unvergleichliche W\u00e4rme.<br \/>Sie sind f\u00fcr den Einsatz unter harten Bedingungen konzipiert und eignen sich perfekt f\u00fcr stark frequentierte Innen- und Au\u00dfenbereiche.<br \/>Die rutschhemmende C3\/R10-Struktur sorgt f\u00fcr Sicherheit und Langlebigkeit, w\u00e4hrend sie gleichzeitig ein attraktives und einladendes Aussehen bewahrt.   <\/p>","protected":false},"excerpt":{"rendered":"<p>Glasiertes Feinsteinzeug PLUS CALIOPE BEIGE MT 60X60 RECT (20MM) INOUT Diese Fliese aus der Serie CALIOPE im Format 60X60 ist ein beigefarbenes glasiertes Feinsteinzeug in Matte +&#8217; Diese Fliese verf\u00fcgt \u00fcber die INOUT-Technologie, eine Eigenschaft des Materials, die sie weich im Griff macht und gleichzeitig eine rutschfeste Fliese zwischen C2-C3 und R10-R11 ist, ideal f\u00fcr [&hellip;]<\/p>\n","protected":false},"featured_media":525981,"comment_status":"open","ping_status":"closed","template":"","meta":[],"product_brand":[],"product_cat":[456],"product_tag":[],"class_list":{"0":"post-534944","1":"product","2":"type-product","3":"status-publish","4":"has-post-thumbnail","6":"product_cat-vohnzimmer","8":"first","9":"outofstock","10":"shipping-taxable","11":"purchasable","12":"product-type-simple"},"_links":{"self":[{"href":"https:\/\/tilefly.com\/de\/wp-json\/wp\/v2\/product\/534944","targetHints":{"allow":["GET"]}}],"collection":[{"href":"https:\/\/tilefly.com\/de\/wp-json\/wp\/v2\/product"}],"about":[{"href":"https:\/\/tilefly.com\/de\/wp-json\/wp\/v2\/types\/product"}],"replies":[{"embeddable":true,"href":"https:\/\/tilefly.com\/de\/wp-json\/wp\/v2\/comments?post=534944"}],"wp:featuredmedia":[{"embeddable":true,"href":"https:\/\/tilefly.com\/de\/wp-json\/wp\/v2\/media\/525981"}],"wp:attachment":[{"href":"https:\/\/tilefly.com\/de\/wp-json\/wp\/v2\/media?parent=534944"}],"wp:term":[{"taxonomy":"product_brand","embeddable":true,"href":"https:\/\/tilefly.com\/de\/wp-json\/wp\/v2\/product_brand?post=534944"},{"taxonomy":"product_cat","embeddable":true,"href":"https:\/\/tilefly.com\/de\/wp-json\/wp\/v2\/product_cat?post=534944"},{"taxonomy":"product_tag","embeddable":true,"href":"https:\/\/tilefly.com\/de\/wp-json\/wp\/v2\/product_tag?post=534944"}],"curies":[{"name":"wp","href":"https:\/\/api.w.org\/{rel}","templated":true}]}}