{"id":534934,"date":"2024-01-20T15:29:36","date_gmt":"2024-01-20T14:29:36","guid":{"rendered":"https:\/\/tilefly.com\/producto\/caliope-beige-mt-60x60-rect-inout\/"},"modified":"2024-08-13T15:32:28","modified_gmt":"2024-08-13T13:32:28","slug":"caliope-beige-mt-60x60-rect-inout","status":"publish","type":"product","link":"https:\/\/tilefly.com\/de\/produkt\/caliope-beige-mt-60x60-rect-inout\/","title":{"rendered":"CALIOPE BEIGE MT 60X60 RECT INOUT"},"content":{"rendered":"<h1><strong>Glasiertes Feinsteinzeug CALIOPE BEIGE MT 60X60 RECT INOUT<\/strong><\/h1><p>Diese Fliese aus der Serie CALIOPE im Format 60X60 ist eine glasierte Feinsteinzeugfliese in der Farbe Beige mit einer matten Oberfl\u00e4che.<\/p><p>+&#8217;<\/p><p>Diese Fliese verf\u00fcgt \u00fcber die INOUT-Technologie, eine Materialeigenschaft, die sie weich im Griff und rutschfest zwischen C2-C3 und R10-R11 macht, ideal f\u00fcr die Verlegung innerhalb und au\u00dferhalb des Hauses.<\/p><p>n&#8217;<\/p><h2 id=\"caliope-beige-mt-60x60-rect-inout\">CALIOPE BEIGE MT 60X60 RECT INOUT<\/h2><p>Die Fliese Caliope Beige MT 60&#215;60 cm RECT INOUT bringt eine Dimension von W\u00e4rme und Eleganz in jeden Raum.<br \/>Mit ihrer matten Oberfl\u00e4che und dem sanften Beigeton ist diese Fliese ideal, um eine gem\u00fctliche und raffinierte Atmosph\u00e4re zu schaffen.<br \/>Ihr gr\u00f6\u00dferes Format vermittelt ein Gef\u00fchl von Kontinuit\u00e4t und Gro\u00dfz\u00fcgigkeit.<br \/>Dieses Modell wurde entwickelt, um einer intensiven Nutzung im Innen- und Au\u00dfenbereich standzuhalten, und ist mit einer rutschhemmenden C3\/R10-Beschichtung versehen, die f\u00fcr Sicherheit und Haltbarkeit sorgt.   <\/p>","protected":false},"excerpt":{"rendered":"<p>Glasiertes Feinsteinzeug CALIOPE BEIGE MT 60X60 RECT INOUTDiese Fliese aus der Serie CALIOPE im Format 60X60 ist eine glasierte Feinsteinzeugfliese in der Farbe Beige mit einer matten Oberfl\u00e4che.+&#8217;Diese Fliese verf\u00fcgt \u00fcber die INOUT-Technologie, eine Materialeigenschaft, die sie weich im Griff und rutschfest zwischen C2-C3 und R10-R11 macht, ideal f\u00fcr die Verlegung innerhalb und au\u00dferhalb des [&hellip;]<\/p>\n","protected":false},"featured_media":525864,"comment_status":"open","ping_status":"closed","template":"","meta":[],"product_brand":[],"product_cat":[457,458,456,459],"product_tag":[],"class_list":{"0":"post-534934","1":"product","2":"type-product","3":"status-publish","4":"has-post-thumbnail","6":"product_cat-badezimmer","7":"product_cat-kuchen","8":"product_cat-vohnzimmer","9":"product_cat-wandfliesen","11":"first","12":"instock","13":"shipping-taxable","14":"purchasable","15":"product-type-simple"},"_links":{"self":[{"href":"https:\/\/tilefly.com\/de\/wp-json\/wp\/v2\/product\/534934","targetHints":{"allow":["GET"]}}],"collection":[{"href":"https:\/\/tilefly.com\/de\/wp-json\/wp\/v2\/product"}],"about":[{"href":"https:\/\/tilefly.com\/de\/wp-json\/wp\/v2\/types\/product"}],"replies":[{"embeddable":true,"href":"https:\/\/tilefly.com\/de\/wp-json\/wp\/v2\/comments?post=534934"}],"wp:featuredmedia":[{"embeddable":true,"href":"https:\/\/tilefly.com\/de\/wp-json\/wp\/v2\/media\/525864"}],"wp:attachment":[{"href":"https:\/\/tilefly.com\/de\/wp-json\/wp\/v2\/media?parent=534934"}],"wp:term":[{"taxonomy":"product_brand","embeddable":true,"href":"https:\/\/tilefly.com\/de\/wp-json\/wp\/v2\/product_brand?post=534934"},{"taxonomy":"product_cat","embeddable":true,"href":"https:\/\/tilefly.com\/de\/wp-json\/wp\/v2\/product_cat?post=534934"},{"taxonomy":"product_tag","embeddable":true,"href":"https:\/\/tilefly.com\/de\/wp-json\/wp\/v2\/product_tag?post=534934"}],"curies":[{"name":"wp","href":"https:\/\/api.w.org\/{rel}","templated":true}]}}