{"id":534916,"date":"2023-02-06T19:31:34","date_gmt":"2023-02-06T18:31:34","guid":{"rendered":"https:\/\/tilefly.com\/producto\/plus-bellevue-grey-mt-60x60-rect-20mm-inout\/"},"modified":"2024-08-13T15:32:07","modified_gmt":"2024-08-13T13:32:07","slug":"plus-bellevue-grey-mt-60x60-rect-20mm-inout","status":"publish","type":"product","link":"https:\/\/tilefly.com\/de\/produkt\/plus-bellevue-grey-mt-60x60-rect-20mm-inout\/","title":{"rendered":"PLUS BELLEVUE GREY MT 60X60 RECT (20MM) INOUT"},"content":{"rendered":"<h1><strong>Glasiertes Feinsteinzeug Matt Plus Bellevue Grau Mt 60X60 Rect (20Mm) Inout<\/strong><\/h1><p>Diese Fliese aus der Serie Bellevue im Format 60X60 ist eine matt glasierte Feinsteinzeug-Fliese in der Farbe Grau in der Ausf\u00fchrung Matt.<\/p><p>Diese Fliese verf\u00fcgt \u00fcber die INOUT-Technologie, eine Materialeigenschaft, die sie weich im Griff und rutschfest zwischen C2-C3 und R10-R11 macht, ideal f\u00fcr die Verlegung innerhalb und au\u00dferhalb des Hauses.<\/p><h2>Bellevue Serie<\/h2><p><a href=\"https:\/\/tilefly.com\/producto\/bellevue\/\">Bellevue<\/a> Steinoptikfliesen Kollektion<\/p><p>Die raffinierte Eleganz von Stein wird in einer Umgebung voller visueller Sch\u00f6nheit zum Leben erweckt!<\/p><p>Die Kollektion bezieht sich auf den Naturstein von Burlington, ist aber minimalistisch gehalten.<br \/>Ein kompakter Hintergrund mit subtilen Bewegungen, die ihm Dynamik und feine Adern der besten Schliffe verleihen.<br \/>Er weckt Emotionen und vermittelt Leidenschaft.<br \/>Ein zeitloses Produkt, das sich durch seine Schlichtheit auszeichnet, weil es den Raum nicht dominiert, sondern die Pers\u00f6nlichkeiten flie\u00dfen l\u00e4sst.   <\/p>","protected":false},"excerpt":{"rendered":"<p>Glasiertes Feinsteinzeug Matt Plus Bellevue Grau Mt 60X60 Rect (20Mm) InoutDiese Fliese aus der Serie Bellevue im Format 60X60 ist eine matt glasierte Feinsteinzeug-Fliese in der Farbe Grau in der Ausf\u00fchrung Matt.Diese Fliese verf\u00fcgt \u00fcber die INOUT-Technologie, eine Materialeigenschaft, die sie weich im Griff und rutschfest zwischen C2-C3 und R10-R11 macht, ideal f\u00fcr die Verlegung [&hellip;]<\/p>\n","protected":false},"featured_media":522449,"comment_status":"open","ping_status":"closed","template":"","meta":[],"product_brand":[],"product_cat":[457,458,456,459],"product_tag":[],"class_list":{"0":"post-534916","1":"product","2":"type-product","3":"status-publish","4":"has-post-thumbnail","6":"product_cat-badezimmer","7":"product_cat-kuchen","8":"product_cat-vohnzimmer","9":"product_cat-wandfliesen","11":"first","12":"instock","13":"shipping-taxable","14":"purchasable","15":"product-type-simple"},"_links":{"self":[{"href":"https:\/\/tilefly.com\/de\/wp-json\/wp\/v2\/product\/534916","targetHints":{"allow":["GET"]}}],"collection":[{"href":"https:\/\/tilefly.com\/de\/wp-json\/wp\/v2\/product"}],"about":[{"href":"https:\/\/tilefly.com\/de\/wp-json\/wp\/v2\/types\/product"}],"replies":[{"embeddable":true,"href":"https:\/\/tilefly.com\/de\/wp-json\/wp\/v2\/comments?post=534916"}],"wp:featuredmedia":[{"embeddable":true,"href":"https:\/\/tilefly.com\/de\/wp-json\/wp\/v2\/media\/522449"}],"wp:attachment":[{"href":"https:\/\/tilefly.com\/de\/wp-json\/wp\/v2\/media?parent=534916"}],"wp:term":[{"taxonomy":"product_brand","embeddable":true,"href":"https:\/\/tilefly.com\/de\/wp-json\/wp\/v2\/product_brand?post=534916"},{"taxonomy":"product_cat","embeddable":true,"href":"https:\/\/tilefly.com\/de\/wp-json\/wp\/v2\/product_cat?post=534916"},{"taxonomy":"product_tag","embeddable":true,"href":"https:\/\/tilefly.com\/de\/wp-json\/wp\/v2\/product_tag?post=534916"}],"curies":[{"name":"wp","href":"https:\/\/api.w.org\/{rel}","templated":true}]}}