{"id":534892,"date":"2023-01-26T09:19:32","date_gmt":"2023-01-26T08:19:32","guid":{"rendered":"https:\/\/tilefly.com\/producto\/plus-austral-ivory-60x60-rect-20mm-inout\/"},"modified":"2024-08-13T15:31:44","modified_gmt":"2024-08-13T13:31:44","slug":"plus-austral-ivory-60x60-rect-20mm-inout","status":"publish","type":"product","link":"https:\/\/tilefly.com\/de\/produkt\/plus-austral-ivory-60x60-rect-20mm-inout\/","title":{"rendered":"PLUS AUSTRAL IVORY 60X60 RECT (20MM) INOUT"},"content":{"rendered":"<h1><strong>Glasiertes Feinsteinzeug Matt PLUS AUSTRAL IVORY 60X60 RECT (20MM) INOUT<\/strong><\/h1><p>Diese Fliese aus der Serie AUSTRAL im Format 60X60 ist ein matt glasiertes Feinsteinzeug in der Farbe Ivory in der Ausf\u00fchrung Matte.<\/p><p>Diese Fliese verf\u00fcgt \u00fcber die INOUT-Technologie, eine Materialeigenschaft, die sie weich im Griff und rutschfest zwischen C2-C3 und R10-R11 macht, ideal f\u00fcr die Verlegung innerhalb und au\u00dferhalb des Hauses.<\/p><h2>Austral Serie<\/h2><p><a href=\"https:\/\/tilefly.com\/producto\/austral\/\">Austral<\/a> ist eine Kollektion, die das Auge und den Tastsinn \u00fcberrascht und der Welt der Keramiksteine eine neue Perspektive verleiht.<br \/>Die Eleganz spiegelt sich in der grafischen \u00c4sthetik wider, mit leichten Adern, die in einen subtilen k\u00f6rnigen Hintergrund \u00fcbergehen.<br \/>Die Essenz und das Gef\u00fchl von Sand werden in materieller Form angeboten.<br \/>Oberfl\u00e4chen und Lichtspiele definieren ein dekoratives Konzept mit au\u00dfergew\u00f6hnlichen Oberfl\u00e4chen.<br \/>Harmonisch und konkret, verweist Erde auf ein pers\u00f6nliches Gef\u00fchl und die Kraft der Natur, durch diesen vielseitigen Stein in nat\u00fcrlichen Farben.    <\/p>","protected":false},"excerpt":{"rendered":"<p>Glasiertes Feinsteinzeug Matt PLUS AUSTRAL IVORY 60X60 RECT (20MM) INOUTDiese Fliese aus der Serie AUSTRAL im Format 60X60 ist ein matt glasiertes Feinsteinzeug in der Farbe Ivory in der Ausf\u00fchrung Matte.Diese Fliese verf\u00fcgt \u00fcber die INOUT-Technologie, eine Materialeigenschaft, die sie weich im Griff und rutschfest zwischen C2-C3 und R10-R11 macht, ideal f\u00fcr die Verlegung innerhalb [&hellip;]<\/p>\n","protected":false},"featured_media":521269,"comment_status":"open","ping_status":"closed","template":"","meta":[],"product_brand":[],"product_cat":[456],"product_tag":[],"class_list":{"0":"post-534892","1":"product","2":"type-product","3":"status-publish","4":"has-post-thumbnail","6":"product_cat-vohnzimmer","8":"first","9":"outofstock","10":"shipping-taxable","11":"purchasable","12":"product-type-simple"},"_links":{"self":[{"href":"https:\/\/tilefly.com\/de\/wp-json\/wp\/v2\/product\/534892","targetHints":{"allow":["GET"]}}],"collection":[{"href":"https:\/\/tilefly.com\/de\/wp-json\/wp\/v2\/product"}],"about":[{"href":"https:\/\/tilefly.com\/de\/wp-json\/wp\/v2\/types\/product"}],"replies":[{"embeddable":true,"href":"https:\/\/tilefly.com\/de\/wp-json\/wp\/v2\/comments?post=534892"}],"wp:featuredmedia":[{"embeddable":true,"href":"https:\/\/tilefly.com\/de\/wp-json\/wp\/v2\/media\/521269"}],"wp:attachment":[{"href":"https:\/\/tilefly.com\/de\/wp-json\/wp\/v2\/media?parent=534892"}],"wp:term":[{"taxonomy":"product_brand","embeddable":true,"href":"https:\/\/tilefly.com\/de\/wp-json\/wp\/v2\/product_brand?post=534892"},{"taxonomy":"product_cat","embeddable":true,"href":"https:\/\/tilefly.com\/de\/wp-json\/wp\/v2\/product_cat?post=534892"},{"taxonomy":"product_tag","embeddable":true,"href":"https:\/\/tilefly.com\/de\/wp-json\/wp\/v2\/product_tag?post=534892"}],"curies":[{"name":"wp","href":"https:\/\/api.w.org\/{rel}","templated":true}]}}