{"id":534882,"date":"2022-09-23T10:39:52","date_gmt":"2024-08-13T13:31:35","guid":{"rendered":"https:\/\/tilefly.com\/producto\/dover-bone-natural-60x60\/"},"modified":"2024-08-13T15:31:35","modified_gmt":"2024-08-13T13:31:35","slug":"dover-bone-natural-60x60","status":"publish","type":"product","link":"https:\/\/tilefly.com\/de\/produkt\/dover-bone-natural-60x60\/","title":{"rendered":"DOVER BONE NATURAL 60X60"},"content":{"rendered":"<p>Nat\u00fcrliches emailliertes Feinsteinzeug im Format 60&#215;60 nicht rektifiziert Die Serie Dover imitiert die Oberfl\u00e4che von Zement mit herrlichen Nuancen, die der Reproduktion dieses Materials perfekt nahe kommen.<br \/>Diese Kollektion ist perfekt, um R\u00e4umen Kontinuit\u00e4t zu verleihen.<br \/>Eine Kollektion, die sich durch ihre Reinheit und Zeitlosigkeit auszeichnet.<br \/>Mit ihr werden Farben gemischt und perfekt aufeinander abgestimmt, um warme R\u00e4ume zu schaffen, die perfekt auf die Bed\u00fcrfnisse des neuen Lebensstils abgestimmt sind.<br \/>Aufgrund ihrer Designmerkmale und Materialien sind sie sehr vielseitig und k\u00f6nnen sowohl in Innenr\u00e4umen als auch im Au\u00dfenbereich verwendet werden.    <\/p>","protected":false},"excerpt":{"rendered":"<p>Nat\u00fcrliches emailliertes Feinsteinzeug im Format 60&#215;60 nicht rektifiziert Die Serie Dover imitiert die Oberfl\u00e4che von Zement mit herrlichen Nuancen, die der Reproduktion dieses Materials perfekt nahe kommen.Diese Kollektion ist perfekt, um R\u00e4umen Kontinuit\u00e4t zu verleihen.Eine Kollektion, die sich durch ihre Reinheit und Zeitlosigkeit auszeichnet.Mit ihr werden Farben gemischt und perfekt aufeinander abgestimmt, um warme R\u00e4ume [&hellip;]<\/p>\n","protected":false},"featured_media":519408,"comment_status":"closed","ping_status":"closed","template":"","meta":[],"product_brand":[],"product_cat":[457,460,458,456,459],"product_tag":[],"class_list":{"0":"post-534882","1":"product","2":"type-product","3":"status-publish","4":"has-post-thumbnail","6":"product_cat-badezimmer","7":"product_cat-bodenfliesen","8":"product_cat-kuchen","9":"product_cat-vohnzimmer","10":"product_cat-wandfliesen","12":"first","13":"outofstock","14":"shipping-taxable","15":"purchasable","16":"product-type-simple"},"_links":{"self":[{"href":"https:\/\/tilefly.com\/de\/wp-json\/wp\/v2\/product\/534882","targetHints":{"allow":["GET"]}}],"collection":[{"href":"https:\/\/tilefly.com\/de\/wp-json\/wp\/v2\/product"}],"about":[{"href":"https:\/\/tilefly.com\/de\/wp-json\/wp\/v2\/types\/product"}],"replies":[{"embeddable":true,"href":"https:\/\/tilefly.com\/de\/wp-json\/wp\/v2\/comments?post=534882"}],"wp:featuredmedia":[{"embeddable":true,"href":"https:\/\/tilefly.com\/de\/wp-json\/wp\/v2\/media\/519408"}],"wp:attachment":[{"href":"https:\/\/tilefly.com\/de\/wp-json\/wp\/v2\/media?parent=534882"}],"wp:term":[{"taxonomy":"product_brand","embeddable":true,"href":"https:\/\/tilefly.com\/de\/wp-json\/wp\/v2\/product_brand?post=534882"},{"taxonomy":"product_cat","embeddable":true,"href":"https:\/\/tilefly.com\/de\/wp-json\/wp\/v2\/product_cat?post=534882"},{"taxonomy":"product_tag","embeddable":true,"href":"https:\/\/tilefly.com\/de\/wp-json\/wp\/v2\/product_tag?post=534882"}],"curies":[{"name":"wp","href":"https:\/\/api.w.org\/{rel}","templated":true}]}}