{"id":534866,"date":"2021-10-29T14:02:26","date_gmt":"2024-08-13T13:31:29","guid":{"rendered":"https:\/\/tilefly.com\/producto\/calacatta-bianco-60x60-pulido\/"},"modified":"2024-08-13T15:31:29","modified_gmt":"2024-08-13T13:31:29","slug":"calacatta-bianco-60x60-pulido","status":"publish","type":"product","link":"https:\/\/tilefly.com\/de\/produkt\/calacatta-bianco-60x60-pulido\/","title":{"rendered":"CALACATTA BIANCO 60X60 PULIDO"},"content":{"rendered":"<h1><strong>Feinsteinzeug CALACATTA BIANCO 60X60 POLISHED<\/strong><\/h1><p>Dieses Feinsteinzeug im cm-Format, mit polierter Oberfl\u00e4che und in der Farbe Wei\u00df ist perfekt f\u00fcr Ihr Zuhause.<br \/>Ihr Herstellungsmaterial ist Feinsteinzeug. <\/p><p>Besondere Merkmale: Marmorimitation<\/p>","protected":false},"excerpt":{"rendered":"<p>Feinsteinzeug CALACATTA BIANCO 60X60 POLISHEDDieses Feinsteinzeug im cm-Format, mit polierter Oberfl\u00e4che und in der Farbe Wei\u00df ist perfekt f\u00fcr Ihr Zuhause.Ihr Herstellungsmaterial ist Feinsteinzeug. Besondere Merkmale: Marmorimitation<\/p>\n","protected":false},"featured_media":513351,"comment_status":"closed","ping_status":"closed","template":"","meta":[],"product_brand":[],"product_cat":[457,460,458,456,459],"product_tag":[],"class_list":{"0":"post-534866","1":"product","2":"type-product","3":"status-publish","4":"has-post-thumbnail","6":"product_cat-badezimmer","7":"product_cat-bodenfliesen","8":"product_cat-kuchen","9":"product_cat-vohnzimmer","10":"product_cat-wandfliesen","12":"first","13":"outofstock","14":"shipping-taxable","15":"purchasable","16":"product-type-simple"},"_links":{"self":[{"href":"https:\/\/tilefly.com\/de\/wp-json\/wp\/v2\/product\/534866","targetHints":{"allow":["GET"]}}],"collection":[{"href":"https:\/\/tilefly.com\/de\/wp-json\/wp\/v2\/product"}],"about":[{"href":"https:\/\/tilefly.com\/de\/wp-json\/wp\/v2\/types\/product"}],"replies":[{"embeddable":true,"href":"https:\/\/tilefly.com\/de\/wp-json\/wp\/v2\/comments?post=534866"}],"wp:featuredmedia":[{"embeddable":true,"href":"https:\/\/tilefly.com\/de\/wp-json\/wp\/v2\/media\/513351"}],"wp:attachment":[{"href":"https:\/\/tilefly.com\/de\/wp-json\/wp\/v2\/media?parent=534866"}],"wp:term":[{"taxonomy":"product_brand","embeddable":true,"href":"https:\/\/tilefly.com\/de\/wp-json\/wp\/v2\/product_brand?post=534866"},{"taxonomy":"product_cat","embeddable":true,"href":"https:\/\/tilefly.com\/de\/wp-json\/wp\/v2\/product_cat?post=534866"},{"taxonomy":"product_tag","embeddable":true,"href":"https:\/\/tilefly.com\/de\/wp-json\/wp\/v2\/product_tag?post=534866"}],"curies":[{"name":"wp","href":"https:\/\/api.w.org\/{rel}","templated":true}]}}