{"id":534817,"date":"2020-10-09T15:55:54","date_gmt":"2020-10-09T13:55:54","guid":{"rendered":"https:\/\/tilefly.com\/producto\/pulse-antique-beige-mt-60x60-inout\/"},"modified":"2024-08-13T15:30:59","modified_gmt":"2024-08-13T13:30:59","slug":"pulse-antique-beige-mt-60x60-inout","status":"publish","type":"product","link":"https:\/\/tilefly.com\/de\/produkt\/pulse-antique-beige-mt-60x60-inout\/","title":{"rendered":"PULSE ANTIQUE BEIGE MT 60X60 INOUT"},"content":{"rendered":"<p>Diese Feinsteinzeugfliese der Serie PULSE ANTIQUE zeichnet sich durch ihr emailliertes Porzellanmaterial aus, das zu den widerstandsf\u00e4higsten auf dem Markt geh\u00f6rt. Sie hat eine Steinsteinzeugstruktur mit einer matten Oberfl\u00e4che im Format 60X60.<\/p>","protected":false},"excerpt":{"rendered":"<p>Diese Feinsteinzeugfliese der Serie PULSE ANTIQUE zeichnet sich durch ihr emailliertes Porzellanmaterial aus, das zu den widerstandsf\u00e4higsten auf dem Markt geh\u00f6rt. Sie hat eine Steinsteinzeugstruktur mit einer matten Oberfl\u00e4che im Format 60X60.<\/p>\n","protected":false},"featured_media":534820,"comment_status":"open","ping_status":"closed","template":"","meta":[],"product_brand":[],"product_cat":[460,458,456],"product_tag":[],"class_list":{"0":"post-534817","1":"product","2":"type-product","3":"status-publish","4":"has-post-thumbnail","6":"product_cat-bodenfliesen","7":"product_cat-kuchen","8":"product_cat-vohnzimmer","10":"first","11":"outofstock","12":"shipping-taxable","13":"purchasable","14":"product-type-simple"},"_links":{"self":[{"href":"https:\/\/tilefly.com\/de\/wp-json\/wp\/v2\/product\/534817","targetHints":{"allow":["GET"]}}],"collection":[{"href":"https:\/\/tilefly.com\/de\/wp-json\/wp\/v2\/product"}],"about":[{"href":"https:\/\/tilefly.com\/de\/wp-json\/wp\/v2\/types\/product"}],"replies":[{"embeddable":true,"href":"https:\/\/tilefly.com\/de\/wp-json\/wp\/v2\/comments?post=534817"}],"wp:featuredmedia":[{"embeddable":true,"href":"https:\/\/tilefly.com\/de\/wp-json\/wp\/v2\/media\/534820"}],"wp:attachment":[{"href":"https:\/\/tilefly.com\/de\/wp-json\/wp\/v2\/media?parent=534817"}],"wp:term":[{"taxonomy":"product_brand","embeddable":true,"href":"https:\/\/tilefly.com\/de\/wp-json\/wp\/v2\/product_brand?post=534817"},{"taxonomy":"product_cat","embeddable":true,"href":"https:\/\/tilefly.com\/de\/wp-json\/wp\/v2\/product_cat?post=534817"},{"taxonomy":"product_tag","embeddable":true,"href":"https:\/\/tilefly.com\/de\/wp-json\/wp\/v2\/product_tag?post=534817"}],"curies":[{"name":"wp","href":"https:\/\/api.w.org\/{rel}","templated":true}]}}