{"id":534810,"date":"2020-10-09T15:43:41","date_gmt":"2020-10-09T13:43:41","guid":{"rendered":"https:\/\/tilefly.com\/producto\/plus-icaria-ocre-mt-60x60-rect-20mm-inout\/"},"modified":"2024-08-13T15:30:55","modified_gmt":"2024-08-13T13:30:55","slug":"plus-icaria-ocre-mt-60x60-rect-20mm-inout","status":"publish","type":"product","link":"https:\/\/tilefly.com\/de\/produkt\/plus-icaria-ocre-mt-60x60-rect-20mm-inout\/","title":{"rendered":"PLUS ICARIA OCRE MT 60X60 RECT. (20MM) INOUT"},"content":{"rendered":"<p>Diese Feinsteinzeugfliese aus der Serie PLUS ICARIA zeichnet sich durch ihr glasiertes Porzellan aus, das zu den widerstandsf\u00e4higsten auf dem Markt geh\u00f6rt. Sie hat eine Zementimitation mit einer matten Oberfl\u00e4che im Format 60X60 RECT.<br \/>(20MM) <\/p>","protected":false},"excerpt":{"rendered":"<p>Diese Feinsteinzeugfliese aus der Serie PLUS ICARIA zeichnet sich durch ihr glasiertes Porzellan aus, das zu den widerstandsf\u00e4higsten auf dem Markt geh\u00f6rt. Sie hat eine Zementimitation mit einer matten Oberfl\u00e4che im Format 60X60 RECT.(20MM)<\/p>\n","protected":false},"featured_media":534812,"comment_status":"open","ping_status":"closed","template":"","meta":[],"product_brand":[],"product_cat":[460,458,456],"product_tag":[],"class_list":{"0":"post-534810","1":"product","2":"type-product","3":"status-publish","4":"has-post-thumbnail","6":"product_cat-bodenfliesen","7":"product_cat-kuchen","8":"product_cat-vohnzimmer","10":"first","11":"instock","12":"shipping-taxable","13":"purchasable","14":"product-type-simple"},"_links":{"self":[{"href":"https:\/\/tilefly.com\/de\/wp-json\/wp\/v2\/product\/534810","targetHints":{"allow":["GET"]}}],"collection":[{"href":"https:\/\/tilefly.com\/de\/wp-json\/wp\/v2\/product"}],"about":[{"href":"https:\/\/tilefly.com\/de\/wp-json\/wp\/v2\/types\/product"}],"replies":[{"embeddable":true,"href":"https:\/\/tilefly.com\/de\/wp-json\/wp\/v2\/comments?post=534810"}],"wp:featuredmedia":[{"embeddable":true,"href":"https:\/\/tilefly.com\/de\/wp-json\/wp\/v2\/media\/534812"}],"wp:attachment":[{"href":"https:\/\/tilefly.com\/de\/wp-json\/wp\/v2\/media?parent=534810"}],"wp:term":[{"taxonomy":"product_brand","embeddable":true,"href":"https:\/\/tilefly.com\/de\/wp-json\/wp\/v2\/product_brand?post=534810"},{"taxonomy":"product_cat","embeddable":true,"href":"https:\/\/tilefly.com\/de\/wp-json\/wp\/v2\/product_cat?post=534810"},{"taxonomy":"product_tag","embeddable":true,"href":"https:\/\/tilefly.com\/de\/wp-json\/wp\/v2\/product_tag?post=534810"}],"curies":[{"name":"wp","href":"https:\/\/api.w.org\/{rel}","templated":true}]}}