{"id":534686,"date":"2020-09-28T14:36:26","date_gmt":"2020-09-28T12:36:26","guid":{"rendered":"https:\/\/tilefly.com\/producto\/amstel-antracita-mt-60x60-rect-inout\/"},"modified":"2024-08-13T15:29:47","modified_gmt":"2024-08-13T13:29:47","slug":"amstel-antracita-mt-60x60-rect-inout","status":"publish","type":"product","link":"https:\/\/tilefly.com\/de\/produkt\/amstel-antracita-mt-60x60-rect-inout\/","title":{"rendered":"AMSTEL ANTRACITA MT 60X60 RECT. INOUT"},"content":{"rendered":"<p>Dieses Feinsteinzeug der Serie AMSTEL zeichnet sich durch sein emailliertes Porzellan aus, das zu den widerstandsf\u00e4higsten auf dem Markt geh\u00f6rt. Es hat eine Zementimitation mit einer matten Oberfl\u00e4che im Format 60X60 RECT.<\/p>","protected":false},"excerpt":{"rendered":"<p>Dieses Feinsteinzeug der Serie AMSTEL zeichnet sich durch sein emailliertes Porzellan aus, das zu den widerstandsf\u00e4higsten auf dem Markt geh\u00f6rt. Es hat eine Zementimitation mit einer matten Oberfl\u00e4che im Format 60X60 RECT.<\/p>\n","protected":false},"featured_media":534690,"comment_status":"open","ping_status":"closed","template":"","meta":[],"product_brand":[],"product_cat":[457,460,458,456,459],"product_tag":[],"class_list":{"0":"post-534686","1":"product","2":"type-product","3":"status-publish","4":"has-post-thumbnail","6":"product_cat-badezimmer","7":"product_cat-bodenfliesen","8":"product_cat-kuchen","9":"product_cat-vohnzimmer","10":"product_cat-wandfliesen","12":"first","13":"outofstock","14":"shipping-taxable","15":"purchasable","16":"product-type-simple"},"_links":{"self":[{"href":"https:\/\/tilefly.com\/de\/wp-json\/wp\/v2\/product\/534686","targetHints":{"allow":["GET"]}}],"collection":[{"href":"https:\/\/tilefly.com\/de\/wp-json\/wp\/v2\/product"}],"about":[{"href":"https:\/\/tilefly.com\/de\/wp-json\/wp\/v2\/types\/product"}],"replies":[{"embeddable":true,"href":"https:\/\/tilefly.com\/de\/wp-json\/wp\/v2\/comments?post=534686"}],"wp:featuredmedia":[{"embeddable":true,"href":"https:\/\/tilefly.com\/de\/wp-json\/wp\/v2\/media\/534690"}],"wp:attachment":[{"href":"https:\/\/tilefly.com\/de\/wp-json\/wp\/v2\/media?parent=534686"}],"wp:term":[{"taxonomy":"product_brand","embeddable":true,"href":"https:\/\/tilefly.com\/de\/wp-json\/wp\/v2\/product_brand?post=534686"},{"taxonomy":"product_cat","embeddable":true,"href":"https:\/\/tilefly.com\/de\/wp-json\/wp\/v2\/product_cat?post=534686"},{"taxonomy":"product_tag","embeddable":true,"href":"https:\/\/tilefly.com\/de\/wp-json\/wp\/v2\/product_tag?post=534686"}],"curies":[{"name":"wp","href":"https:\/\/api.w.org\/{rel}","templated":true}]}}