{"id":534659,"date":"2020-10-20T16:35:47","date_gmt":"2024-08-13T13:29:18","guid":{"rendered":"https:\/\/tilefly.com\/producto\/calacatta-gold-mat-rect-30x60\/"},"modified":"2024-08-13T15:29:18","modified_gmt":"2024-08-13T13:29:18","slug":"calacatta-gold-mat-rect-30x60","status":"publish","type":"product","link":"https:\/\/tilefly.com\/de\/produkt\/calacatta-gold-mat-rect-30x60\/","title":{"rendered":"CALACATTA GOLD MAT RECT 30X60"},"content":{"rendered":"<h1><strong>Feinsteinzeug CALACATTA GOLD MAT RECT 30X60<\/strong><\/h1><p>Dieses Feinsteinzeug im Format cm, mit matter Oberfl\u00e4che und in der Farbe Wei\u00df ist perfekt f\u00fcr Ihr Zuhause.<br \/>Ihr Herstellungsmaterial ist Feinsteinzeug. <\/p><p>Besondere Merkmale: Marmorimitation<\/p>","protected":false},"excerpt":{"rendered":"<p>Feinsteinzeug CALACATTA GOLD MAT RECT 30X60Dieses Feinsteinzeug im Format cm, mit matter Oberfl\u00e4che und in der Farbe Wei\u00df ist perfekt f\u00fcr Ihr Zuhause.Ihr Herstellungsmaterial ist Feinsteinzeug. Besondere Merkmale: Marmorimitation<\/p>\n","protected":false},"featured_media":140756,"comment_status":"closed","ping_status":"closed","template":"","meta":[],"product_brand":[],"product_cat":[460,456],"product_tag":[],"class_list":{"0":"post-534659","1":"product","2":"type-product","3":"status-publish","4":"has-post-thumbnail","6":"product_cat-bodenfliesen","7":"product_cat-vohnzimmer","9":"first","10":"outofstock","11":"shipping-taxable","12":"purchasable","13":"product-type-simple"},"_links":{"self":[{"href":"https:\/\/tilefly.com\/de\/wp-json\/wp\/v2\/product\/534659","targetHints":{"allow":["GET"]}}],"collection":[{"href":"https:\/\/tilefly.com\/de\/wp-json\/wp\/v2\/product"}],"about":[{"href":"https:\/\/tilefly.com\/de\/wp-json\/wp\/v2\/types\/product"}],"replies":[{"embeddable":true,"href":"https:\/\/tilefly.com\/de\/wp-json\/wp\/v2\/comments?post=534659"}],"wp:featuredmedia":[{"embeddable":true,"href":"https:\/\/tilefly.com\/de\/wp-json\/wp\/v2\/media\/140756"}],"wp:attachment":[{"href":"https:\/\/tilefly.com\/de\/wp-json\/wp\/v2\/media?parent=534659"}],"wp:term":[{"taxonomy":"product_brand","embeddable":true,"href":"https:\/\/tilefly.com\/de\/wp-json\/wp\/v2\/product_brand?post=534659"},{"taxonomy":"product_cat","embeddable":true,"href":"https:\/\/tilefly.com\/de\/wp-json\/wp\/v2\/product_cat?post=534659"},{"taxonomy":"product_tag","embeddable":true,"href":"https:\/\/tilefly.com\/de\/wp-json\/wp\/v2\/product_tag?post=534659"}],"curies":[{"name":"wp","href":"https:\/\/api.w.org\/{rel}","templated":true}]}}