{"id":534634,"date":"2020-10-20T16:01:06","date_gmt":"2024-08-13T13:28:54","guid":{"rendered":"https:\/\/tilefly.com\/producto\/blanco-mate-rect-30x60\/"},"modified":"2024-08-13T15:28:54","modified_gmt":"2024-08-13T13:28:54","slug":"blanco-mate-rect-30x60","status":"publish","type":"product","link":"https:\/\/tilefly.com\/de\/produkt\/blanco-mate-rect-30x60\/","title":{"rendered":"BLANCO MATE RECT 30X60"},"content":{"rendered":"<h1><strong>WHITE MATTE WHITE RECT 30X60 Pastenfliesen<\/strong><\/h1><p>Diese Fliese Pasta Blanca im Format cm, matte Oberfl\u00e4che und Farbe Wei\u00df ist perfekt f\u00fcr Ihr Zuhause.<br \/>Ihr Herstellungsmaterial ist Pasta Blanca. <\/p><p>Besondere Merkmale: Einfarbig<\/p>","protected":false},"excerpt":{"rendered":"<p>WHITE MATTE WHITE RECT 30X60 PastenfliesenDiese Fliese Pasta Blanca im Format cm, matte Oberfl\u00e4che und Farbe Wei\u00df ist perfekt f\u00fcr Ihr Zuhause.Ihr Herstellungsmaterial ist Pasta Blanca. Besondere Merkmale: Einfarbig<\/p>\n","protected":false},"featured_media":140703,"comment_status":"closed","ping_status":"closed","template":"","meta":[],"product_brand":[],"product_cat":[457,458,459],"product_tag":[],"class_list":{"0":"post-534634","1":"product","2":"type-product","3":"status-publish","4":"has-post-thumbnail","6":"product_cat-badezimmer","7":"product_cat-kuchen","8":"product_cat-wandfliesen","10":"first","11":"outofstock","12":"shipping-taxable","13":"purchasable","14":"product-type-simple"},"_links":{"self":[{"href":"https:\/\/tilefly.com\/de\/wp-json\/wp\/v2\/product\/534634","targetHints":{"allow":["GET"]}}],"collection":[{"href":"https:\/\/tilefly.com\/de\/wp-json\/wp\/v2\/product"}],"about":[{"href":"https:\/\/tilefly.com\/de\/wp-json\/wp\/v2\/types\/product"}],"replies":[{"embeddable":true,"href":"https:\/\/tilefly.com\/de\/wp-json\/wp\/v2\/comments?post=534634"}],"wp:featuredmedia":[{"embeddable":true,"href":"https:\/\/tilefly.com\/de\/wp-json\/wp\/v2\/media\/140703"}],"wp:attachment":[{"href":"https:\/\/tilefly.com\/de\/wp-json\/wp\/v2\/media?parent=534634"}],"wp:term":[{"taxonomy":"product_brand","embeddable":true,"href":"https:\/\/tilefly.com\/de\/wp-json\/wp\/v2\/product_brand?post=534634"},{"taxonomy":"product_cat","embeddable":true,"href":"https:\/\/tilefly.com\/de\/wp-json\/wp\/v2\/product_cat?post=534634"},{"taxonomy":"product_tag","embeddable":true,"href":"https:\/\/tilefly.com\/de\/wp-json\/wp\/v2\/product_tag?post=534634"}],"curies":[{"name":"wp","href":"https:\/\/api.w.org\/{rel}","templated":true}]}}