{"id":534627,"date":"2019-09-13T13:09:24","date_gmt":"2024-08-13T13:28:49","guid":{"rendered":"https:\/\/tilefly.com\/producto\/industrial-neutral-rect-35x100\/"},"modified":"2024-08-13T15:28:49","modified_gmt":"2024-08-13T13:28:49","slug":"industrial-neutral-rect-35x100","status":"publish","type":"product","link":"https:\/\/tilefly.com\/de\/produkt\/industrial-neutral-rect-35x100\/","title":{"rendered":"INDUSTRIAL NEUTRAL RECT 35X100"},"content":{"rendered":"<h1><strong>Wei\u00dfe Paste Fliese INDUSTRIAL NEUTRAL RECT 35X100<\/strong><\/h1><p>Diese Fliese Pasta Blanca im Format 35X100 cm, gl\u00e4nzend und in den Farben Blau und Grau ist perfekt f\u00fcr Ihr Zuhause.<br \/>Ihr Herstellungsmaterial ist White Paste. <\/p><p>Besondere Eigenschaften: 3D-Relief, Dekoriert, Metalleffekt<\/p>","protected":false},"excerpt":{"rendered":"<p>Wei\u00dfe Paste Fliese INDUSTRIAL NEUTRAL RECT 35X100Diese Fliese Pasta Blanca im Format 35X100 cm, gl\u00e4nzend und in den Farben Blau und Grau ist perfekt f\u00fcr Ihr Zuhause.Ihr Herstellungsmaterial ist White Paste. Besondere Eigenschaften: 3D-Relief, Dekoriert, Metalleffekt<\/p>\n","protected":false},"featured_media":534629,"comment_status":"closed","ping_status":"closed","template":"","meta":[],"product_brand":[],"product_cat":[457,460,458,459],"product_tag":[],"class_list":{"0":"post-534627","1":"product","2":"type-product","3":"status-publish","4":"has-post-thumbnail","6":"product_cat-badezimmer","7":"product_cat-bodenfliesen","8":"product_cat-kuchen","9":"product_cat-wandfliesen","11":"first","12":"outofstock","13":"shipping-taxable","14":"purchasable","15":"product-type-simple"},"_links":{"self":[{"href":"https:\/\/tilefly.com\/de\/wp-json\/wp\/v2\/product\/534627","targetHints":{"allow":["GET"]}}],"collection":[{"href":"https:\/\/tilefly.com\/de\/wp-json\/wp\/v2\/product"}],"about":[{"href":"https:\/\/tilefly.com\/de\/wp-json\/wp\/v2\/types\/product"}],"replies":[{"embeddable":true,"href":"https:\/\/tilefly.com\/de\/wp-json\/wp\/v2\/comments?post=534627"}],"wp:featuredmedia":[{"embeddable":true,"href":"https:\/\/tilefly.com\/de\/wp-json\/wp\/v2\/media\/534629"}],"wp:attachment":[{"href":"https:\/\/tilefly.com\/de\/wp-json\/wp\/v2\/media?parent=534627"}],"wp:term":[{"taxonomy":"product_brand","embeddable":true,"href":"https:\/\/tilefly.com\/de\/wp-json\/wp\/v2\/product_brand?post=534627"},{"taxonomy":"product_cat","embeddable":true,"href":"https:\/\/tilefly.com\/de\/wp-json\/wp\/v2\/product_cat?post=534627"},{"taxonomy":"product_tag","embeddable":true,"href":"https:\/\/tilefly.com\/de\/wp-json\/wp\/v2\/product_tag?post=534627"}],"curies":[{"name":"wp","href":"https:\/\/api.w.org\/{rel}","templated":true}]}}