{"id":534586,"date":"2019-09-13T13:09:24","date_gmt":"2024-08-13T13:28:32","guid":{"rendered":"https:\/\/tilefly.com\/producto\/meteoris-graphite-rect-35x100\/"},"modified":"2024-08-13T15:28:32","modified_gmt":"2024-08-13T13:28:32","slug":"meteoris-graphite-rect-35x100","status":"publish","type":"product","link":"https:\/\/tilefly.com\/de\/produkt\/meteoris-graphite-rect-35x100\/","title":{"rendered":"METEORIS GRAPHITE RECT 35X100"},"content":{"rendered":"<h1><strong>Wei\u00dfe Pastenfliese METEORIS GRAPHITE RECT 35X100<\/strong><\/h1><p>Diese Fliese Pasta Blanca im Format 35X100 cm mit gl\u00e4nzender Oberfl\u00e4che und den Farben Grau, Schwarz und Dunkel ist perfekt f\u00fcr Ihr Zuhause.<br \/>Ihr Herstellungsmaterial ist White Paste. <\/p><p>Besondere Merkmale: Dekoriert, Metalleffekt<\/p>","protected":false},"excerpt":{"rendered":"<p>Wei\u00dfe Pastenfliese METEORIS GRAPHITE RECT 35X100Diese Fliese Pasta Blanca im Format 35X100 cm mit gl\u00e4nzender Oberfl\u00e4che und den Farben Grau, Schwarz und Dunkel ist perfekt f\u00fcr Ihr Zuhause.Ihr Herstellungsmaterial ist White Paste. Besondere Merkmale: Dekoriert, Metalleffekt<\/p>\n","protected":false},"featured_media":534589,"comment_status":"closed","ping_status":"closed","template":"","meta":[],"product_brand":[],"product_cat":[457,460,458,459],"product_tag":[],"class_list":{"0":"post-534586","1":"product","2":"type-product","3":"status-publish","4":"has-post-thumbnail","6":"product_cat-badezimmer","7":"product_cat-bodenfliesen","8":"product_cat-kuchen","9":"product_cat-wandfliesen","11":"first","12":"outofstock","13":"shipping-taxable","14":"purchasable","15":"product-type-simple"},"_links":{"self":[{"href":"https:\/\/tilefly.com\/de\/wp-json\/wp\/v2\/product\/534586","targetHints":{"allow":["GET"]}}],"collection":[{"href":"https:\/\/tilefly.com\/de\/wp-json\/wp\/v2\/product"}],"about":[{"href":"https:\/\/tilefly.com\/de\/wp-json\/wp\/v2\/types\/product"}],"replies":[{"embeddable":true,"href":"https:\/\/tilefly.com\/de\/wp-json\/wp\/v2\/comments?post=534586"}],"wp:featuredmedia":[{"embeddable":true,"href":"https:\/\/tilefly.com\/de\/wp-json\/wp\/v2\/media\/534589"}],"wp:attachment":[{"href":"https:\/\/tilefly.com\/de\/wp-json\/wp\/v2\/media?parent=534586"}],"wp:term":[{"taxonomy":"product_brand","embeddable":true,"href":"https:\/\/tilefly.com\/de\/wp-json\/wp\/v2\/product_brand?post=534586"},{"taxonomy":"product_cat","embeddable":true,"href":"https:\/\/tilefly.com\/de\/wp-json\/wp\/v2\/product_cat?post=534586"},{"taxonomy":"product_tag","embeddable":true,"href":"https:\/\/tilefly.com\/de\/wp-json\/wp\/v2\/product_tag?post=534586"}],"curies":[{"name":"wp","href":"https:\/\/api.w.org\/{rel}","templated":true}]}}