{"id":534450,"date":"2020-09-08T14:51:12","date_gmt":"2024-08-13T13:27:20","guid":{"rendered":"https:\/\/tilefly.com\/producto\/loft-white-lappato-60x60\/"},"modified":"2024-08-13T15:27:20","modified_gmt":"2024-08-13T13:27:20","slug":"loft-white-lappato-60x60","status":"publish","type":"product","link":"https:\/\/tilefly.com\/de\/produkt\/loft-white-lappato-60x60\/","title":{"rendered":"LOFT WHITE LAPPATO 60X60"},"content":{"rendered":"<p>Emailliertes Feinsteinzeug in verschiedenen Ausf\u00fchrungen Serie, die den nat\u00fcrlichen Zement nachahmt, auf der Suche nach industriellen und kosmopolitisch inspirierten R\u00e4umen.<br \/>Die Serie Loft ist ein von Zement inspiriertes Feinsteinzeug, das dem Raum, in dem es verwendet wird, ein industrielles und urbanes Finish im reinsten New Yorker Stil verleiht.<br \/>Diese Serie besteht aus f\u00fcnf Farbt\u00f6nen mit drei Formaten und drei Oberfl\u00e4chen &#8211; nat\u00fcrlich, poliert und lappato &#8211; in jeder von ihnen.<br \/>Dar\u00fcber hinaus wird die Serie durch drei dekorative L\u00f6sungen mit viel Charakter und Identit\u00e4t erg\u00e4nzt.<br \/>Aus all diesen Gr\u00fcnden ist Loft die Kollektion selbst.<br \/>Ihre zahlreichen Kombinationen und Anwendungen machen den Raum, in dem sie aufgestellt werden, zu einem Ort des Designs und der gro\u00dfen Pers\u00f6nlichkeit.     <\/p>","protected":false},"excerpt":{"rendered":"<p>Emailliertes Feinsteinzeug in verschiedenen Ausf\u00fchrungen Serie, die den nat\u00fcrlichen Zement nachahmt, auf der Suche nach industriellen und kosmopolitisch inspirierten R\u00e4umen.Die Serie Loft ist ein von Zement inspiriertes Feinsteinzeug, das dem Raum, in dem es verwendet wird, ein industrielles und urbanes Finish im reinsten New Yorker Stil verleiht.Diese Serie besteht aus f\u00fcnf Farbt\u00f6nen mit drei Formaten [&hellip;]<\/p>\n","protected":false},"featured_media":82243,"comment_status":"open","ping_status":"closed","template":"","meta":[],"product_brand":[],"product_cat":[457,458,456,459],"product_tag":[],"class_list":{"0":"post-534450","1":"product","2":"type-product","3":"status-publish","4":"has-post-thumbnail","6":"product_cat-badezimmer","7":"product_cat-kuchen","8":"product_cat-vohnzimmer","9":"product_cat-wandfliesen","11":"first","12":"outofstock","13":"shipping-taxable","14":"purchasable","15":"product-type-simple"},"_links":{"self":[{"href":"https:\/\/tilefly.com\/de\/wp-json\/wp\/v2\/product\/534450","targetHints":{"allow":["GET"]}}],"collection":[{"href":"https:\/\/tilefly.com\/de\/wp-json\/wp\/v2\/product"}],"about":[{"href":"https:\/\/tilefly.com\/de\/wp-json\/wp\/v2\/types\/product"}],"replies":[{"embeddable":true,"href":"https:\/\/tilefly.com\/de\/wp-json\/wp\/v2\/comments?post=534450"}],"wp:featuredmedia":[{"embeddable":true,"href":"https:\/\/tilefly.com\/de\/wp-json\/wp\/v2\/media\/82243"}],"wp:attachment":[{"href":"https:\/\/tilefly.com\/de\/wp-json\/wp\/v2\/media?parent=534450"}],"wp:term":[{"taxonomy":"product_brand","embeddable":true,"href":"https:\/\/tilefly.com\/de\/wp-json\/wp\/v2\/product_brand?post=534450"},{"taxonomy":"product_cat","embeddable":true,"href":"https:\/\/tilefly.com\/de\/wp-json\/wp\/v2\/product_cat?post=534450"},{"taxonomy":"product_tag","embeddable":true,"href":"https:\/\/tilefly.com\/de\/wp-json\/wp\/v2\/product_tag?post=534450"}],"curies":[{"name":"wp","href":"https:\/\/api.w.org\/{rel}","templated":true}]}}