{"id":534394,"date":"2019-09-13T12:42:47","date_gmt":"2024-08-13T13:26:42","guid":{"rendered":"https:\/\/tilefly.com\/producto\/travertino-brescia-pol-rect-60x60\/"},"modified":"2024-08-13T15:26:42","modified_gmt":"2024-08-13T13:26:42","slug":"travertino-brescia-pol-rect-60x60","status":"publish","type":"product","link":"https:\/\/tilefly.com\/de\/produkt\/travertino-brescia-pol-rect-60x60\/","title":{"rendered":"TRAVERTINO BRESCIA POL, RECT, 60X60"},"content":{"rendered":"<h1><strong>Feinsteinzeug TRAVERTINO BRESCIA POL, RECT, 60X60<\/strong><\/h1><p>Dieses Feinsteinzeug im Format 60X60 cm, gl\u00e4nzend, poliert und mit brauner Oberfl\u00e4che ist perfekt f\u00fcr Ihr Zuhause. Sein Herstellungsmaterial ist Feinsteinzeug.<\/p><p>Besondere Merkmale: Marmorimitation, Steinimitation, Farbige Masse, Travertin<\/p>","protected":false},"excerpt":{"rendered":"<p>Feinsteinzeug TRAVERTINO BRESCIA POL, RECT, 60X60Dieses Feinsteinzeug im Format 60X60 cm, gl\u00e4nzend, poliert und mit brauner Oberfl\u00e4che ist perfekt f\u00fcr Ihr Zuhause. Sein Herstellungsmaterial ist Feinsteinzeug.Besondere Merkmale: Marmorimitation, Steinimitation, Farbige Masse, Travertin<\/p>\n","protected":false},"featured_media":63349,"comment_status":"closed","ping_status":"closed","template":"","meta":[],"product_brand":[],"product_cat":[457,460,458,456,459],"product_tag":[],"class_list":{"0":"post-534394","1":"product","2":"type-product","3":"status-publish","4":"has-post-thumbnail","6":"product_cat-badezimmer","7":"product_cat-bodenfliesen","8":"product_cat-kuchen","9":"product_cat-vohnzimmer","10":"product_cat-wandfliesen","12":"first","13":"outofstock","14":"shipping-taxable","15":"purchasable","16":"product-type-simple"},"_links":{"self":[{"href":"https:\/\/tilefly.com\/de\/wp-json\/wp\/v2\/product\/534394","targetHints":{"allow":["GET"]}}],"collection":[{"href":"https:\/\/tilefly.com\/de\/wp-json\/wp\/v2\/product"}],"about":[{"href":"https:\/\/tilefly.com\/de\/wp-json\/wp\/v2\/types\/product"}],"replies":[{"embeddable":true,"href":"https:\/\/tilefly.com\/de\/wp-json\/wp\/v2\/comments?post=534394"}],"wp:featuredmedia":[{"embeddable":true,"href":"https:\/\/tilefly.com\/de\/wp-json\/wp\/v2\/media\/63349"}],"wp:attachment":[{"href":"https:\/\/tilefly.com\/de\/wp-json\/wp\/v2\/media?parent=534394"}],"wp:term":[{"taxonomy":"product_brand","embeddable":true,"href":"https:\/\/tilefly.com\/de\/wp-json\/wp\/v2\/product_brand?post=534394"},{"taxonomy":"product_cat","embeddable":true,"href":"https:\/\/tilefly.com\/de\/wp-json\/wp\/v2\/product_cat?post=534394"},{"taxonomy":"product_tag","embeddable":true,"href":"https:\/\/tilefly.com\/de\/wp-json\/wp\/v2\/product_tag?post=534394"}],"curies":[{"name":"wp","href":"https:\/\/api.w.org\/{rel}","templated":true}]}}