{"id":533603,"date":"2020-09-08T15:10:44","date_gmt":"2024-08-13T13:18:10","guid":{"rendered":"https:\/\/tilefly.com\/producto\/royal-black-pulido-60x60\/"},"modified":"2024-08-13T15:18:10","modified_gmt":"2024-08-13T13:18:10","slug":"royal-black-pulido-60x60","status":"publish","type":"product","link":"https:\/\/tilefly.com\/de\/produkt\/royal-black-pulido-60x60\/","title":{"rendered":"ROYAL BLACK PULIDO 60X60"},"content":{"rendered":"<p>Feinsteinzeug Luxe ist Widerstandsf\u00e4higkeit und Farbenreichtum, eine Kollektion, die extravagante Marmore mit nat\u00fcrlichen und polierten Oberfl\u00e4chen umfasst, die Ihrem Raum eine starke Pers\u00f6nlichkeit verleihen.<br \/>Eine elegante, auff\u00e4llige Oberfl\u00e4che, die nie aus der Mode kommt.  Seine 9 trendigen Farben sind ein dekoratives Vergn\u00fcgen, das dem Raum eine gro\u00dfe visuelle Kontinuit\u00e4t verleiht. Sie sind auch in verschiedenen Formaten 60&#215;60, 60&#215;120, 80&#215;160 erh\u00e4ltlich.<\/p>","protected":false},"excerpt":{"rendered":"<p>Feinsteinzeug Luxe ist Widerstandsf\u00e4higkeit und Farbenreichtum, eine Kollektion, die extravagante Marmore mit nat\u00fcrlichen und polierten Oberfl\u00e4chen umfasst, die Ihrem Raum eine starke Pers\u00f6nlichkeit verleihen.Eine elegante, auff\u00e4llige Oberfl\u00e4che, die nie aus der Mode kommt. Seine 9 trendigen Farben sind ein dekoratives Vergn\u00fcgen, das dem Raum eine gro\u00dfe visuelle Kontinuit\u00e4t verleiht. Sie sind auch in verschiedenen Formaten [&hellip;]<\/p>\n","protected":false},"featured_media":82387,"comment_status":"open","ping_status":"closed","template":"","meta":[],"product_brand":[],"product_cat":[457,458,456,459],"product_tag":[],"class_list":{"0":"post-533603","1":"product","2":"type-product","3":"status-publish","4":"has-post-thumbnail","6":"product_cat-badezimmer","7":"product_cat-kuchen","8":"product_cat-vohnzimmer","9":"product_cat-wandfliesen","11":"first","12":"outofstock","13":"shipping-taxable","14":"purchasable","15":"product-type-simple"},"_links":{"self":[{"href":"https:\/\/tilefly.com\/de\/wp-json\/wp\/v2\/product\/533603","targetHints":{"allow":["GET"]}}],"collection":[{"href":"https:\/\/tilefly.com\/de\/wp-json\/wp\/v2\/product"}],"about":[{"href":"https:\/\/tilefly.com\/de\/wp-json\/wp\/v2\/types\/product"}],"replies":[{"embeddable":true,"href":"https:\/\/tilefly.com\/de\/wp-json\/wp\/v2\/comments?post=533603"}],"wp:featuredmedia":[{"embeddable":true,"href":"https:\/\/tilefly.com\/de\/wp-json\/wp\/v2\/media\/82387"}],"wp:attachment":[{"href":"https:\/\/tilefly.com\/de\/wp-json\/wp\/v2\/media?parent=533603"}],"wp:term":[{"taxonomy":"product_brand","embeddable":true,"href":"https:\/\/tilefly.com\/de\/wp-json\/wp\/v2\/product_brand?post=533603"},{"taxonomy":"product_cat","embeddable":true,"href":"https:\/\/tilefly.com\/de\/wp-json\/wp\/v2\/product_cat?post=533603"},{"taxonomy":"product_tag","embeddable":true,"href":"https:\/\/tilefly.com\/de\/wp-json\/wp\/v2\/product_tag?post=533603"}],"curies":[{"name":"wp","href":"https:\/\/api.w.org\/{rel}","templated":true}]}}