{"id":533348,"date":"2020-10-16T07:46:07","date_gmt":"2024-08-13T13:16:00","guid":{"rendered":"https:\/\/tilefly.com\/producto\/karakter-rec-60x60\/"},"modified":"2024-08-13T15:16:00","modified_gmt":"2024-08-13T13:16:00","slug":"karakter-rec-60x60","status":"publish","type":"product","link":"https:\/\/tilefly.com\/de\/produkt\/karakter-rec-60x60\/","title":{"rendered":"KARAKTER REC 60X60"},"content":{"rendered":"<p>Originelles Feinsteinzeug, das die \u00c4sthetik eines dunklen, von wei\u00dfen Adern durchzogenen Steins von gro\u00dfem Charakter wiedergibt.<br \/>Das glatte Relief der Oberfl\u00e4che unterstreicht ihr nat\u00fcrliches Aussehen.<br \/>Eine perfekte Wahl f\u00fcr Atmosph\u00e4ren von zeitloser Sch\u00f6nheit.  <\/p>","protected":false},"excerpt":{"rendered":"<p>Originelles Feinsteinzeug, das die \u00c4sthetik eines dunklen, von wei\u00dfen Adern durchzogenen Steins von gro\u00dfem Charakter wiedergibt.Das glatte Relief der Oberfl\u00e4che unterstreicht ihr nat\u00fcrliches Aussehen.Eine perfekte Wahl f\u00fcr Atmosph\u00e4ren von zeitloser Sch\u00f6nheit.<\/p>\n","protected":false},"featured_media":124096,"comment_status":"open","ping_status":"closed","template":"","meta":[],"product_brand":[],"product_cat":[460,456],"product_tag":[],"class_list":{"0":"post-533348","1":"product","2":"type-product","3":"status-publish","4":"has-post-thumbnail","6":"product_cat-bodenfliesen","7":"product_cat-vohnzimmer","9":"first","10":"instock","11":"shipping-taxable","12":"purchasable","13":"product-type-simple"},"_links":{"self":[{"href":"https:\/\/tilefly.com\/de\/wp-json\/wp\/v2\/product\/533348","targetHints":{"allow":["GET"]}}],"collection":[{"href":"https:\/\/tilefly.com\/de\/wp-json\/wp\/v2\/product"}],"about":[{"href":"https:\/\/tilefly.com\/de\/wp-json\/wp\/v2\/types\/product"}],"replies":[{"embeddable":true,"href":"https:\/\/tilefly.com\/de\/wp-json\/wp\/v2\/comments?post=533348"}],"wp:featuredmedia":[{"embeddable":true,"href":"https:\/\/tilefly.com\/de\/wp-json\/wp\/v2\/media\/124096"}],"wp:attachment":[{"href":"https:\/\/tilefly.com\/de\/wp-json\/wp\/v2\/media?parent=533348"}],"wp:term":[{"taxonomy":"product_brand","embeddable":true,"href":"https:\/\/tilefly.com\/de\/wp-json\/wp\/v2\/product_brand?post=533348"},{"taxonomy":"product_cat","embeddable":true,"href":"https:\/\/tilefly.com\/de\/wp-json\/wp\/v2\/product_cat?post=533348"},{"taxonomy":"product_tag","embeddable":true,"href":"https:\/\/tilefly.com\/de\/wp-json\/wp\/v2\/product_tag?post=533348"}],"curies":[{"name":"wp","href":"https:\/\/api.w.org\/{rel}","templated":true}]}}