{"id":533346,"date":"2020-10-16T07:46:07","date_gmt":"2024-08-13T13:15:59","guid":{"rendered":"https:\/\/tilefly.com\/producto\/fancy-white-rec-60x60\/"},"modified":"2024-08-13T15:15:59","modified_gmt":"2024-08-13T13:15:59","slug":"fancy-white-rec-60x60","status":"publish","type":"product","link":"https:\/\/tilefly.com\/de\/produkt\/fancy-white-rec-60x60\/","title":{"rendered":"FANCY WHITE REC 60X60"},"content":{"rendered":"<p>Bodenbelag mit sehr markanten Grafiken.<br \/>Die Serie Fancy ist von den New Yorker Wohnungen inspiriert und in abgenutzten und rostigen Ausf\u00fchrungen erh\u00e4ltlich.<br \/>Erh\u00e4ltlich in den Formaten 60&#215;60 und 60&#215;120 in Wei\u00df, Beige und Grau.  <\/p>","protected":false},"excerpt":{"rendered":"<p>Bodenbelag mit sehr markanten Grafiken.Die Serie Fancy ist von den New Yorker Wohnungen inspiriert und in abgenutzten und rostigen Ausf\u00fchrungen erh\u00e4ltlich.Erh\u00e4ltlich in den Formaten 60&#215;60 und 60&#215;120 in Wei\u00df, Beige und Grau.<\/p>\n","protected":false},"featured_media":123768,"comment_status":"open","ping_status":"closed","template":"","meta":[],"product_brand":[],"product_cat":[457,458,459],"product_tag":[],"class_list":{"0":"post-533346","1":"product","2":"type-product","3":"status-publish","4":"has-post-thumbnail","6":"product_cat-badezimmer","7":"product_cat-kuchen","8":"product_cat-wandfliesen","10":"first","11":"instock","12":"shipping-taxable","13":"purchasable","14":"product-type-simple"},"_links":{"self":[{"href":"https:\/\/tilefly.com\/de\/wp-json\/wp\/v2\/product\/533346","targetHints":{"allow":["GET"]}}],"collection":[{"href":"https:\/\/tilefly.com\/de\/wp-json\/wp\/v2\/product"}],"about":[{"href":"https:\/\/tilefly.com\/de\/wp-json\/wp\/v2\/types\/product"}],"replies":[{"embeddable":true,"href":"https:\/\/tilefly.com\/de\/wp-json\/wp\/v2\/comments?post=533346"}],"wp:featuredmedia":[{"embeddable":true,"href":"https:\/\/tilefly.com\/de\/wp-json\/wp\/v2\/media\/123768"}],"wp:attachment":[{"href":"https:\/\/tilefly.com\/de\/wp-json\/wp\/v2\/media?parent=533346"}],"wp:term":[{"taxonomy":"product_brand","embeddable":true,"href":"https:\/\/tilefly.com\/de\/wp-json\/wp\/v2\/product_brand?post=533346"},{"taxonomy":"product_cat","embeddable":true,"href":"https:\/\/tilefly.com\/de\/wp-json\/wp\/v2\/product_cat?post=533346"},{"taxonomy":"product_tag","embeddable":true,"href":"https:\/\/tilefly.com\/de\/wp-json\/wp\/v2\/product_tag?post=533346"}],"curies":[{"name":"wp","href":"https:\/\/api.w.org\/{rel}","templated":true}]}}