{"id":533305,"date":"2020-10-14T22:46:14","date_gmt":"2024-08-13T13:15:38","guid":{"rendered":"https:\/\/tilefly.com\/producto\/diurne-sand-rec-60x60\/"},"modified":"2024-08-13T15:15:38","modified_gmt":"2024-08-13T13:15:38","slug":"diurne-sand-rec-60x60","status":"publish","type":"product","link":"https:\/\/tilefly.com\/de\/produkt\/diurne-sand-rec-60x60\/","title":{"rendered":"DIURNE SAND REC 60X60"},"content":{"rendered":"<p>Feinsteinzeug-Design, das auf der Verschmelzung von gealtertem Zement mit rostigen Effekten und kleinen Steinen basiert, die ihm Pers\u00f6nlichkeit verleihen.<br \/>Diese rektifizierte Fliese ist eine sehr interessante Option f\u00fcr R\u00e4ume mit Pers\u00f6nlichkeit.<br \/>Dank ihrer Rutschfestigkeit der Klasse 2 ist sie f\u00fcr Terrassen, Innenh\u00f6fe und \u00f6ffentliche Pl\u00e4tze geeignet.<br \/>Erh\u00e4ltlich in den Farben Beige, SAND oder Grau, GREY.   <\/p>","protected":false},"excerpt":{"rendered":"<p>Feinsteinzeug-Design, das auf der Verschmelzung von gealtertem Zement mit rostigen Effekten und kleinen Steinen basiert, die ihm Pers\u00f6nlichkeit verleihen.Diese rektifizierte Fliese ist eine sehr interessante Option f\u00fcr R\u00e4ume mit Pers\u00f6nlichkeit.Dank ihrer Rutschfestigkeit der Klasse 2 ist sie f\u00fcr Terrassen, Innenh\u00f6fe und \u00f6ffentliche Pl\u00e4tze geeignet.Erh\u00e4ltlich in den Farben Beige, SAND oder Grau, GREY.<\/p>\n","protected":false},"featured_media":533308,"comment_status":"open","ping_status":"closed","template":"","meta":[],"product_brand":[],"product_cat":[460,456],"product_tag":[],"class_list":{"0":"post-533305","1":"product","2":"type-product","3":"status-publish","4":"has-post-thumbnail","6":"product_cat-bodenfliesen","7":"product_cat-vohnzimmer","9":"first","10":"outofstock","11":"shipping-taxable","12":"purchasable","13":"product-type-simple"},"_links":{"self":[{"href":"https:\/\/tilefly.com\/de\/wp-json\/wp\/v2\/product\/533305","targetHints":{"allow":["GET"]}}],"collection":[{"href":"https:\/\/tilefly.com\/de\/wp-json\/wp\/v2\/product"}],"about":[{"href":"https:\/\/tilefly.com\/de\/wp-json\/wp\/v2\/types\/product"}],"replies":[{"embeddable":true,"href":"https:\/\/tilefly.com\/de\/wp-json\/wp\/v2\/comments?post=533305"}],"wp:featuredmedia":[{"embeddable":true,"href":"https:\/\/tilefly.com\/de\/wp-json\/wp\/v2\/media\/533308"}],"wp:attachment":[{"href":"https:\/\/tilefly.com\/de\/wp-json\/wp\/v2\/media?parent=533305"}],"wp:term":[{"taxonomy":"product_brand","embeddable":true,"href":"https:\/\/tilefly.com\/de\/wp-json\/wp\/v2\/product_brand?post=533305"},{"taxonomy":"product_cat","embeddable":true,"href":"https:\/\/tilefly.com\/de\/wp-json\/wp\/v2\/product_cat?post=533305"},{"taxonomy":"product_tag","embeddable":true,"href":"https:\/\/tilefly.com\/de\/wp-json\/wp\/v2\/product_tag?post=533305"}],"curies":[{"name":"wp","href":"https:\/\/api.w.org\/{rel}","templated":true}]}}