{"id":533127,"date":"2020-10-09T16:17:34","date_gmt":"2020-10-09T14:17:34","guid":{"rendered":"https:\/\/tilefly.com\/producto\/slim-firenze-crema-br-60x60-8-5mm\/"},"modified":"2024-08-13T15:14:25","modified_gmt":"2024-08-13T13:14:25","slug":"slim-firenze-crema-br-60x60-8-5mm","status":"publish","type":"product","link":"https:\/\/tilefly.com\/de\/produkt\/slim-firenze-crema-br-60x60-8-5mm\/","title":{"rendered":"SLIM FIRENZE CREMA BR 60X60 (8.5MM)"},"content":{"rendered":"<p>Dieses Feinsteinzeug der Serie SLIM FIRENZE zeichnet sich durch sein emailliertes Porzellan aus, das zu den widerstandsf\u00e4higsten auf dem Markt geh\u00f6rt. Es hat eine Steinimitation mit einer gl\u00e4nzenden Oberfl\u00e4che im Format 60X60 (8,5MM).<\/p>","protected":false},"excerpt":{"rendered":"<p>Dieses Feinsteinzeug der Serie SLIM FIRENZE zeichnet sich durch sein emailliertes Porzellan aus, das zu den widerstandsf\u00e4higsten auf dem Markt geh\u00f6rt. Es hat eine Steinimitation mit einer gl\u00e4nzenden Oberfl\u00e4che im Format 60X60 (8,5MM).<\/p>\n","protected":false},"featured_media":533130,"comment_status":"open","ping_status":"closed","template":"","meta":[],"product_brand":[],"product_cat":[460,458,456],"product_tag":[],"class_list":{"0":"post-533127","1":"product","2":"type-product","3":"status-publish","4":"has-post-thumbnail","6":"product_cat-bodenfliesen","7":"product_cat-kuchen","8":"product_cat-vohnzimmer","10":"first","11":"outofstock","12":"shipping-taxable","13":"purchasable","14":"product-type-simple"},"_links":{"self":[{"href":"https:\/\/tilefly.com\/de\/wp-json\/wp\/v2\/product\/533127","targetHints":{"allow":["GET"]}}],"collection":[{"href":"https:\/\/tilefly.com\/de\/wp-json\/wp\/v2\/product"}],"about":[{"href":"https:\/\/tilefly.com\/de\/wp-json\/wp\/v2\/types\/product"}],"replies":[{"embeddable":true,"href":"https:\/\/tilefly.com\/de\/wp-json\/wp\/v2\/comments?post=533127"}],"wp:featuredmedia":[{"embeddable":true,"href":"https:\/\/tilefly.com\/de\/wp-json\/wp\/v2\/media\/533130"}],"wp:attachment":[{"href":"https:\/\/tilefly.com\/de\/wp-json\/wp\/v2\/media?parent=533127"}],"wp:term":[{"taxonomy":"product_brand","embeddable":true,"href":"https:\/\/tilefly.com\/de\/wp-json\/wp\/v2\/product_brand?post=533127"},{"taxonomy":"product_cat","embeddable":true,"href":"https:\/\/tilefly.com\/de\/wp-json\/wp\/v2\/product_cat?post=533127"},{"taxonomy":"product_tag","embeddable":true,"href":"https:\/\/tilefly.com\/de\/wp-json\/wp\/v2\/product_tag?post=533127"}],"curies":[{"name":"wp","href":"https:\/\/api.w.org\/{rel}","templated":true}]}}