{"id":533008,"date":"2020-10-09T15:43:41","date_gmt":"2024-08-13T13:13:31","guid":{"rendered":"https:\/\/tilefly.com\/producto\/plus-vermont-rust-mt-60x60-rect-20mm-inout\/"},"modified":"2024-08-13T15:13:31","modified_gmt":"2024-08-13T13:13:31","slug":"plus-vermont-rust-mt-60x60-rect-20mm-inout","status":"publish","type":"product","link":"https:\/\/tilefly.com\/de\/produkt\/plus-vermont-rust-mt-60x60-rect-20mm-inout\/","title":{"rendered":"PLUS VERMONT RUST MT 60X60 RECT. (20MM) INOUT"},"content":{"rendered":"<p>Dieses Feinsteinzeug aus der Serie PLUS VERMONT zeichnet sich durch sein emailliertes Porzellan aus, das zu den widerstandsf\u00e4higsten auf dem Markt geh\u00f6rt. Es hat eine Zementimitation mit einer matten Oberfl\u00e4che im Format 60X60 RECT.<br \/>(20MM) <\/p>","protected":false},"excerpt":{"rendered":"<p>Dieses Feinsteinzeug aus der Serie PLUS VERMONT zeichnet sich durch sein emailliertes Porzellan aus, das zu den widerstandsf\u00e4higsten auf dem Markt geh\u00f6rt. Es hat eine Zementimitation mit einer matten Oberfl\u00e4che im Format 60X60 RECT.(20MM)<\/p>\n","protected":false},"featured_media":533011,"comment_status":"open","ping_status":"closed","template":"","meta":[],"product_brand":[],"product_cat":[460,458,456],"product_tag":[],"class_list":{"0":"post-533008","1":"product","2":"type-product","3":"status-publish","4":"has-post-thumbnail","6":"product_cat-bodenfliesen","7":"product_cat-kuchen","8":"product_cat-vohnzimmer","10":"first","11":"outofstock","12":"shipping-taxable","13":"purchasable","14":"product-type-simple"},"_links":{"self":[{"href":"https:\/\/tilefly.com\/de\/wp-json\/wp\/v2\/product\/533008","targetHints":{"allow":["GET"]}}],"collection":[{"href":"https:\/\/tilefly.com\/de\/wp-json\/wp\/v2\/product"}],"about":[{"href":"https:\/\/tilefly.com\/de\/wp-json\/wp\/v2\/types\/product"}],"replies":[{"embeddable":true,"href":"https:\/\/tilefly.com\/de\/wp-json\/wp\/v2\/comments?post=533008"}],"wp:featuredmedia":[{"embeddable":true,"href":"https:\/\/tilefly.com\/de\/wp-json\/wp\/v2\/media\/533011"}],"wp:attachment":[{"href":"https:\/\/tilefly.com\/de\/wp-json\/wp\/v2\/media?parent=533008"}],"wp:term":[{"taxonomy":"product_brand","embeddable":true,"href":"https:\/\/tilefly.com\/de\/wp-json\/wp\/v2\/product_brand?post=533008"},{"taxonomy":"product_cat","embeddable":true,"href":"https:\/\/tilefly.com\/de\/wp-json\/wp\/v2\/product_cat?post=533008"},{"taxonomy":"product_tag","embeddable":true,"href":"https:\/\/tilefly.com\/de\/wp-json\/wp\/v2\/product_tag?post=533008"}],"curies":[{"name":"wp","href":"https:\/\/api.w.org\/{rel}","templated":true}]}}