{"id":532980,"date":"2020-10-09T15:43:41","date_gmt":"2020-10-09T13:43:41","guid":{"rendered":"https:\/\/tilefly.com\/producto\/plus-maverick-anthracite-c3-60x60-rect-20mm-antid-2out\/"},"modified":"2024-08-13T15:13:20","modified_gmt":"2024-08-13T13:13:20","slug":"plus-maverick-anthracite-c3-60x60-rect-20mm-antid-2out","status":"publish","type":"product","link":"https:\/\/tilefly.com\/de\/produkt\/plus-maverick-anthracite-c3-60x60-rect-20mm-antid-2out\/","title":{"rendered":"PLUS MAVERICK ANTHRACITE C3 60X60 RECT. (20MM) ANTID. 2OUT"},"content":{"rendered":"<p>Diese Feinsteinzeugfliese aus der Serie PLUS MAVERICK zeichnet sich durch ihr emailliertes Porzellan aus, das zu den widerstandsf\u00e4higsten auf dem Markt geh\u00f6rt. Sie hat eine Zementimitation mit matter Oberfl\u00e4che im Format 60X60 RECT.<br \/>(20MM) <\/p>","protected":false},"excerpt":{"rendered":"<p>Diese Feinsteinzeugfliese aus der Serie PLUS MAVERICK zeichnet sich durch ihr emailliertes Porzellan aus, das zu den widerstandsf\u00e4higsten auf dem Markt geh\u00f6rt. Sie hat eine Zementimitation mit matter Oberfl\u00e4che im Format 60X60 RECT.(20MM)<\/p>\n","protected":false},"featured_media":532982,"comment_status":"open","ping_status":"closed","template":"","meta":[],"product_brand":[],"product_cat":[460,458,456],"product_tag":[],"class_list":{"0":"post-532980","1":"product","2":"type-product","3":"status-publish","4":"has-post-thumbnail","6":"product_cat-bodenfliesen","7":"product_cat-kuchen","8":"product_cat-vohnzimmer","10":"first","11":"instock","12":"shipping-taxable","13":"purchasable","14":"product-type-simple"},"_links":{"self":[{"href":"https:\/\/tilefly.com\/de\/wp-json\/wp\/v2\/product\/532980","targetHints":{"allow":["GET"]}}],"collection":[{"href":"https:\/\/tilefly.com\/de\/wp-json\/wp\/v2\/product"}],"about":[{"href":"https:\/\/tilefly.com\/de\/wp-json\/wp\/v2\/types\/product"}],"replies":[{"embeddable":true,"href":"https:\/\/tilefly.com\/de\/wp-json\/wp\/v2\/comments?post=532980"}],"wp:featuredmedia":[{"embeddable":true,"href":"https:\/\/tilefly.com\/de\/wp-json\/wp\/v2\/media\/532982"}],"wp:attachment":[{"href":"https:\/\/tilefly.com\/de\/wp-json\/wp\/v2\/media?parent=532980"}],"wp:term":[{"taxonomy":"product_brand","embeddable":true,"href":"https:\/\/tilefly.com\/de\/wp-json\/wp\/v2\/product_brand?post=532980"},{"taxonomy":"product_cat","embeddable":true,"href":"https:\/\/tilefly.com\/de\/wp-json\/wp\/v2\/product_cat?post=532980"},{"taxonomy":"product_tag","embeddable":true,"href":"https:\/\/tilefly.com\/de\/wp-json\/wp\/v2\/product_tag?post=532980"}],"curies":[{"name":"wp","href":"https:\/\/api.w.org\/{rel}","templated":true}]}}