{"id":532937,"date":"2019-09-13T12:42:47","date_gmt":"2019-09-13T10:42:47","guid":{"rendered":"https:\/\/tilefly.com\/producto\/anti-slip-oregon-roble-rect-20x120\/"},"modified":"2024-08-13T15:12:50","modified_gmt":"2024-08-13T13:12:50","slug":"anti-slip-oregon-roble-rect-20x120","status":"publish","type":"product","link":"https:\/\/tilefly.com\/de\/produkt\/anti-slip-oregon-roble-rect-20x120\/","title":{"rendered":"ANTI-SLIP OREGON ROBLE RECT 20X120"},"content":{"rendered":"<h1><strong>Feinsteinzeug ANTI-SLIP OREGON OAK RECT 20X120<\/strong><\/h1><p>Dieses Feinsteinzeug im Format 20X120 cm mit matter Oberfl\u00e4che und der Farbe Braun ist perfekt f\u00fcr Ihr Zuhause. Sein Herstellungsmaterial ist Feinsteinzeug.<\/p><p>Besondere Eigenschaften: Rutschfest, Holzimitation, Schwimmb\u00e4der<\/p>","protected":false},"excerpt":{"rendered":"<p>Feinsteinzeug ANTI-SLIP OREGON OAK RECT 20X120Dieses Feinsteinzeug im Format 20X120 cm mit matter Oberfl\u00e4che und der Farbe Braun ist perfekt f\u00fcr Ihr Zuhause. Sein Herstellungsmaterial ist Feinsteinzeug.Besondere Eigenschaften: Rutschfest, Holzimitation, Schwimmb\u00e4der<\/p>\n","protected":false},"featured_media":63161,"comment_status":"closed","ping_status":"closed","template":"","meta":[],"product_brand":[],"product_cat":[457,460,458,456,459],"product_tag":[],"class_list":{"0":"post-532937","1":"product","2":"type-product","3":"status-publish","4":"has-post-thumbnail","6":"product_cat-badezimmer","7":"product_cat-bodenfliesen","8":"product_cat-kuchen","9":"product_cat-vohnzimmer","10":"product_cat-wandfliesen","12":"first","13":"instock","14":"shipping-taxable","15":"purchasable","16":"product-type-simple"},"_links":{"self":[{"href":"https:\/\/tilefly.com\/de\/wp-json\/wp\/v2\/product\/532937","targetHints":{"allow":["GET"]}}],"collection":[{"href":"https:\/\/tilefly.com\/de\/wp-json\/wp\/v2\/product"}],"about":[{"href":"https:\/\/tilefly.com\/de\/wp-json\/wp\/v2\/types\/product"}],"replies":[{"embeddable":true,"href":"https:\/\/tilefly.com\/de\/wp-json\/wp\/v2\/comments?post=532937"}],"wp:featuredmedia":[{"embeddable":true,"href":"https:\/\/tilefly.com\/de\/wp-json\/wp\/v2\/media\/63161"}],"wp:attachment":[{"href":"https:\/\/tilefly.com\/de\/wp-json\/wp\/v2\/media?parent=532937"}],"wp:term":[{"taxonomy":"product_brand","embeddable":true,"href":"https:\/\/tilefly.com\/de\/wp-json\/wp\/v2\/product_brand?post=532937"},{"taxonomy":"product_cat","embeddable":true,"href":"https:\/\/tilefly.com\/de\/wp-json\/wp\/v2\/product_cat?post=532937"},{"taxonomy":"product_tag","embeddable":true,"href":"https:\/\/tilefly.com\/de\/wp-json\/wp\/v2\/product_tag?post=532937"}],"curies":[{"name":"wp","href":"https:\/\/api.w.org\/{rel}","templated":true}]}}