{"id":532928,"date":"2019-09-13T12:42:47","date_gmt":"2019-09-13T10:42:47","guid":{"rendered":"https:\/\/tilefly.com\/producto\/oregon-roble-rect-20x120\/"},"modified":"2024-08-13T15:12:42","modified_gmt":"2024-08-13T13:12:42","slug":"oregon-roble-rect-20x120","status":"publish","type":"product","link":"https:\/\/tilefly.com\/de\/produkt\/oregon-roble-rect-20x120\/","title":{"rendered":"OREGON ROBLE RECT 20X120"},"content":{"rendered":"<p>Bei TileFly finden Sie die gr\u00f6\u00dfte Auswahl an Fliesen und Wandfliesen online.<br \/>Unser Team arbeitet jeden Tag daran, Ihnen immer die neuesten Trends bei Fliesen, Mosaiken, Kacheln und Bel\u00e4gen anzubieten.<br \/>Wir arbeiten nur mit f\u00fchrenden spanischen und italienischen Herstellern zusammen.<br \/>Diese Unternehmen garantieren eine hervorragende Qualit\u00e4t und Verf\u00fcgbarkeit der Produkte.<br \/>Wir m\u00f6chten Sie darauf hinweisen, dass Sie zu allen Fliesen, Bel\u00e4gen und besonderen St\u00fccken, die Sie auf unserer Website finden, in der Rubrik &#8220;Technische Informationen&#8221; spezifische Informationen zu jedem Produkt finden.<br \/>Sobald Sie Ihre Bestellung aufgegeben haben, pr\u00fcft unser Team, ob alle Eigenschaften des ausgew\u00e4hlten Produkts korrekt sind.<br \/>Es kann vorkommen, dass einige dieser Informationen falsch sind oder eine Abweichung enthalten.<br \/>Unser Team wird Sie \u00fcber jede Abweichung informieren, um stets Ihr Einverst\u00e4ndnis zu haben, damit Sie sicher und vor allem zufrieden mit dem von Ihnen gekauften Produkt sind.       <\/p>","protected":false},"excerpt":{"rendered":"<p>Bei TileFly finden Sie die gr\u00f6\u00dfte Auswahl an Fliesen und Wandfliesen online.Unser Team arbeitet jeden Tag daran, Ihnen immer die neuesten Trends bei Fliesen, Mosaiken, Kacheln und Bel\u00e4gen anzubieten.Wir arbeiten nur mit f\u00fchrenden spanischen und italienischen Herstellern zusammen.Diese Unternehmen garantieren eine hervorragende Qualit\u00e4t und Verf\u00fcgbarkeit der Produkte.Wir m\u00f6chten Sie darauf hinweisen, dass Sie zu allen [&hellip;]<\/p>\n","protected":false},"featured_media":63147,"comment_status":"closed","ping_status":"closed","template":"","meta":[],"product_brand":[],"product_cat":[457,460,458,456,459],"product_tag":[],"class_list":{"0":"post-532928","1":"product","2":"type-product","3":"status-publish","4":"has-post-thumbnail","6":"product_cat-badezimmer","7":"product_cat-bodenfliesen","8":"product_cat-kuchen","9":"product_cat-vohnzimmer","10":"product_cat-wandfliesen","12":"first","13":"instock","14":"shipping-taxable","15":"purchasable","16":"product-type-simple"},"_links":{"self":[{"href":"https:\/\/tilefly.com\/de\/wp-json\/wp\/v2\/product\/532928","targetHints":{"allow":["GET"]}}],"collection":[{"href":"https:\/\/tilefly.com\/de\/wp-json\/wp\/v2\/product"}],"about":[{"href":"https:\/\/tilefly.com\/de\/wp-json\/wp\/v2\/types\/product"}],"replies":[{"embeddable":true,"href":"https:\/\/tilefly.com\/de\/wp-json\/wp\/v2\/comments?post=532928"}],"wp:featuredmedia":[{"embeddable":true,"href":"https:\/\/tilefly.com\/de\/wp-json\/wp\/v2\/media\/63147"}],"wp:attachment":[{"href":"https:\/\/tilefly.com\/de\/wp-json\/wp\/v2\/media?parent=532928"}],"wp:term":[{"taxonomy":"product_brand","embeddable":true,"href":"https:\/\/tilefly.com\/de\/wp-json\/wp\/v2\/product_brand?post=532928"},{"taxonomy":"product_cat","embeddable":true,"href":"https:\/\/tilefly.com\/de\/wp-json\/wp\/v2\/product_cat?post=532928"},{"taxonomy":"product_tag","embeddable":true,"href":"https:\/\/tilefly.com\/de\/wp-json\/wp\/v2\/product_tag?post=532928"}],"curies":[{"name":"wp","href":"https:\/\/api.w.org\/{rel}","templated":true}]}}