{"id":532716,"date":"2020-10-09T16:17:34","date_gmt":"2020-10-09T14:17:34","guid":{"rendered":"https:\/\/tilefly.com\/producto\/springwood-gris-mt-15x90\/"},"modified":"2024-08-13T15:10:37","modified_gmt":"2024-08-13T13:10:37","slug":"springwood-gris-mt-15x90","status":"publish","type":"product","link":"https:\/\/tilefly.com\/de\/produkt\/springwood-gris-mt-15x90\/","title":{"rendered":"SPRINGWOOD GRIS MT 15X90"},"content":{"rendered":"<p>Diese Feinsteinzeugfliese der Serie SPRINGWOOD zeichnet sich durch ihr emailliertes Feinsteinzeug aus, das zu den widerstandsf\u00e4higsten auf dem Markt geh\u00f6rt. Sie hat eine Holzimitation und eine matte Oberfl\u00e4che im Format 15X90.<\/p>","protected":false},"excerpt":{"rendered":"<p>Diese Feinsteinzeugfliese der Serie SPRINGWOOD zeichnet sich durch ihr emailliertes Feinsteinzeug aus, das zu den widerstandsf\u00e4higsten auf dem Markt geh\u00f6rt. Sie hat eine Holzimitation und eine matte Oberfl\u00e4che im Format 15X90.<\/p>\n","protected":false},"featured_media":532718,"comment_status":"open","ping_status":"closed","template":"","meta":[],"product_brand":[],"product_cat":[460,458,456],"product_tag":[],"class_list":{"0":"post-532716","1":"product","2":"type-product","3":"status-publish","4":"has-post-thumbnail","6":"product_cat-bodenfliesen","7":"product_cat-kuchen","8":"product_cat-vohnzimmer","10":"first","11":"outofstock","12":"shipping-taxable","13":"purchasable","14":"product-type-simple"},"_links":{"self":[{"href":"https:\/\/tilefly.com\/de\/wp-json\/wp\/v2\/product\/532716","targetHints":{"allow":["GET"]}}],"collection":[{"href":"https:\/\/tilefly.com\/de\/wp-json\/wp\/v2\/product"}],"about":[{"href":"https:\/\/tilefly.com\/de\/wp-json\/wp\/v2\/types\/product"}],"replies":[{"embeddable":true,"href":"https:\/\/tilefly.com\/de\/wp-json\/wp\/v2\/comments?post=532716"}],"wp:featuredmedia":[{"embeddable":true,"href":"https:\/\/tilefly.com\/de\/wp-json\/wp\/v2\/media\/532718"}],"wp:attachment":[{"href":"https:\/\/tilefly.com\/de\/wp-json\/wp\/v2\/media?parent=532716"}],"wp:term":[{"taxonomy":"product_brand","embeddable":true,"href":"https:\/\/tilefly.com\/de\/wp-json\/wp\/v2\/product_brand?post=532716"},{"taxonomy":"product_cat","embeddable":true,"href":"https:\/\/tilefly.com\/de\/wp-json\/wp\/v2\/product_cat?post=532716"},{"taxonomy":"product_tag","embeddable":true,"href":"https:\/\/tilefly.com\/de\/wp-json\/wp\/v2\/product_tag?post=532716"}],"curies":[{"name":"wp","href":"https:\/\/api.w.org\/{rel}","templated":true}]}}