{"id":532440,"date":"2024-06-05T19:50:02","date_gmt":"2024-06-05T17:50:02","guid":{"rendered":"https:\/\/tilefly.com\/producto\/olson-almond-mt-23x120-inout\/"},"modified":"2024-08-13T15:07:53","modified_gmt":"2024-08-13T13:07:53","slug":"olson-almond-mt-23x120-inout","status":"publish","type":"product","link":"https:\/\/tilefly.com\/de\/produkt\/olson-almond-mt-23x120-inout\/","title":{"rendered":"OLSON ALMOND MT 23X120 INOUT"},"content":{"rendered":"<h1><strong>P.E. INOUT OLSON ALMOND MT 23X120 1A STN<\/strong><\/h1><p>Diese Fliese aus der Serie Olson im Format 23X120 ist ein mandelfarbenes glasiertes Feinsteinzeug in matter Ausf\u00fchrung.<br \/>Sie ist rutschfest und eignet sich daher sowohl f\u00fcr den Innen- als auch f\u00fcr den Au\u00dfenbereich. <\/p>","protected":false},"excerpt":{"rendered":"<p>P.E. INOUT OLSON ALMOND MT 23X120 1A STNDiese Fliese aus der Serie Olson im Format 23X120 ist ein mandelfarbenes glasiertes Feinsteinzeug in matter Ausf\u00fchrung.Sie ist rutschfest und eignet sich daher sowohl f\u00fcr den Innen- als auch f\u00fcr den Au\u00dfenbereich.<\/p>\n","protected":false},"featured_media":528421,"comment_status":"open","ping_status":"closed","template":"","meta":[],"product_brand":[],"product_cat":[457,458,456,459],"product_tag":[],"class_list":{"0":"post-532440","1":"product","2":"type-product","3":"status-publish","4":"has-post-thumbnail","6":"product_cat-badezimmer","7":"product_cat-kuchen","8":"product_cat-vohnzimmer","9":"product_cat-wandfliesen","11":"first","12":"instock","13":"shipping-taxable","14":"purchasable","15":"product-type-simple"},"_links":{"self":[{"href":"https:\/\/tilefly.com\/de\/wp-json\/wp\/v2\/product\/532440","targetHints":{"allow":["GET"]}}],"collection":[{"href":"https:\/\/tilefly.com\/de\/wp-json\/wp\/v2\/product"}],"about":[{"href":"https:\/\/tilefly.com\/de\/wp-json\/wp\/v2\/types\/product"}],"replies":[{"embeddable":true,"href":"https:\/\/tilefly.com\/de\/wp-json\/wp\/v2\/comments?post=532440"}],"wp:featuredmedia":[{"embeddable":true,"href":"https:\/\/tilefly.com\/de\/wp-json\/wp\/v2\/media\/528421"}],"wp:attachment":[{"href":"https:\/\/tilefly.com\/de\/wp-json\/wp\/v2\/media?parent=532440"}],"wp:term":[{"taxonomy":"product_brand","embeddable":true,"href":"https:\/\/tilefly.com\/de\/wp-json\/wp\/v2\/product_brand?post=532440"},{"taxonomy":"product_cat","embeddable":true,"href":"https:\/\/tilefly.com\/de\/wp-json\/wp\/v2\/product_cat?post=532440"},{"taxonomy":"product_tag","embeddable":true,"href":"https:\/\/tilefly.com\/de\/wp-json\/wp\/v2\/product_tag?post=532440"}],"curies":[{"name":"wp","href":"https:\/\/api.w.org\/{rel}","templated":true}]}}