{"id":532415,"date":"2024-01-26T17:05:45","date_gmt":"2024-01-26T16:05:45","guid":{"rendered":"https:\/\/tilefly.com\/producto\/blaze-roble-mt-23x120-rect\/"},"modified":"2024-08-13T15:07:34","modified_gmt":"2024-08-13T13:07:34","slug":"blaze-roble-mt-23x120-rect","status":"publish","type":"product","link":"https:\/\/tilefly.com\/de\/produkt\/blaze-roble-mt-23x120-rect\/","title":{"rendered":"BLAZE ROBLE MT 23X120 RECT"},"content":{"rendered":"<h1><strong>Glasierte Feinsteinzeug Fliesen BLAZE ROBLE ROBLE MT 23X120 RECT<\/strong><\/h1><p>Diese Fliese aus der Serie BLAZE im Format 23X120 ist eine eichenfarbene glasierte Feinsteinzeugfliese in matter Ausf\u00fchrung.<\/p><h2>BLAZE OAK MT 23X120 RECT<\/h2><p>Die Fliese BLAZE ROBLE MT 23X120 RECT ist mit ihrer matten Oberfl\u00e4che und der Farbe Eiche eine anspruchsvolle Option.<br \/>Sie bringt die Sch\u00f6nheit des Holzes in Ihre R\u00e4ume, ohne auf die Widerstandsf\u00e4higkeit des Feinsteinzeugs zu verzichten.<br \/>Ihr rektifiziertes Format ist ideal f\u00fcr Innenr\u00e4ume und verleiht ihr einen modernen und klaren Look.  <\/p>","protected":false},"excerpt":{"rendered":"<p>Glasierte Feinsteinzeug Fliesen BLAZE ROBLE ROBLE MT 23X120 RECTDiese Fliese aus der Serie BLAZE im Format 23X120 ist eine eichenfarbene glasierte Feinsteinzeugfliese in matter Ausf\u00fchrung.BLAZE OAK MT 23X120 RECTDie Fliese BLAZE ROBLE MT 23X120 RECT ist mit ihrer matten Oberfl\u00e4che und der Farbe Eiche eine anspruchsvolle Option.Sie bringt die Sch\u00f6nheit des Holzes in Ihre R\u00e4ume, [&hellip;]<\/p>\n","protected":false},"featured_media":526095,"comment_status":"open","ping_status":"closed","template":"","meta":[],"product_brand":[],"product_cat":[457,458,456,459],"product_tag":[],"class_list":{"0":"post-532415","1":"product","2":"type-product","3":"status-publish","4":"has-post-thumbnail","6":"product_cat-badezimmer","7":"product_cat-kuchen","8":"product_cat-vohnzimmer","9":"product_cat-wandfliesen","11":"first","12":"instock","13":"shipping-taxable","14":"purchasable","15":"product-type-simple"},"_links":{"self":[{"href":"https:\/\/tilefly.com\/de\/wp-json\/wp\/v2\/product\/532415","targetHints":{"allow":["GET"]}}],"collection":[{"href":"https:\/\/tilefly.com\/de\/wp-json\/wp\/v2\/product"}],"about":[{"href":"https:\/\/tilefly.com\/de\/wp-json\/wp\/v2\/types\/product"}],"replies":[{"embeddable":true,"href":"https:\/\/tilefly.com\/de\/wp-json\/wp\/v2\/comments?post=532415"}],"wp:featuredmedia":[{"embeddable":true,"href":"https:\/\/tilefly.com\/de\/wp-json\/wp\/v2\/media\/526095"}],"wp:attachment":[{"href":"https:\/\/tilefly.com\/de\/wp-json\/wp\/v2\/media?parent=532415"}],"wp:term":[{"taxonomy":"product_brand","embeddable":true,"href":"https:\/\/tilefly.com\/de\/wp-json\/wp\/v2\/product_brand?post=532415"},{"taxonomy":"product_cat","embeddable":true,"href":"https:\/\/tilefly.com\/de\/wp-json\/wp\/v2\/product_cat?post=532415"},{"taxonomy":"product_tag","embeddable":true,"href":"https:\/\/tilefly.com\/de\/wp-json\/wp\/v2\/product_tag?post=532415"}],"curies":[{"name":"wp","href":"https:\/\/api.w.org\/{rel}","templated":true}]}}