{"id":532411,"date":"2024-01-26T17:05:26","date_gmt":"2024-01-26T16:05:26","guid":{"rendered":"https:\/\/tilefly.com\/producto\/blaze-nogal-mt-23x120-rect\/"},"modified":"2024-08-13T15:07:32","modified_gmt":"2024-08-13T13:07:32","slug":"blaze-nogal-mt-23x120-rect","status":"publish","type":"product","link":"https:\/\/tilefly.com\/de\/produkt\/blaze-nogal-mt-23x120-rect\/","title":{"rendered":"BLAZE NOGAL MT 23X120 RECT"},"content":{"rendered":"<h1><strong>Emaillierte Feinsteinzeugfliese BLAZE WALNUT MT 23X120 RECT<\/strong><\/h1><p>Diese Fliese aus der Serie BLAZE im Format 23X120 ist eine Fliese aus glasiertem Feinsteinzeug in der Farbe Walnut mit matter Oberfl\u00e4che.<\/p><h2>BLAZE WALNUSS MT 23X120 RECT<\/h2><p>Die Fliese BLAZE WALNUT MT 23X120 RECT ist eine elegante und zeitlose Wahl f\u00fcr Ihre R\u00e4ume.<br \/>Mit ihrer matten Oberfl\u00e4che und ihrer Walnussfarbe schafft sie eine warme und einladende Atmosph\u00e4re.<br \/>Diese Fliese eignet sich perfekt f\u00fcr Innenr\u00e4ume und bietet eine nat\u00fcrliche Holzoptik mit der Best\u00e4ndigkeit von Feinsteinzeug.<br \/>Au\u00dferdem verleiht ihr rektifiziertes Format einen Hauch von Modernit\u00e4t.   <\/p>","protected":false},"excerpt":{"rendered":"<p>Emaillierte Feinsteinzeugfliese BLAZE WALNUT MT 23X120 RECTDiese Fliese aus der Serie BLAZE im Format 23X120 ist eine Fliese aus glasiertem Feinsteinzeug in der Farbe Walnut mit matter Oberfl\u00e4che.BLAZE WALNUSS MT 23X120 RECTDie Fliese BLAZE WALNUT MT 23X120 RECT ist eine elegante und zeitlose Wahl f\u00fcr Ihre R\u00e4ume.Mit ihrer matten Oberfl\u00e4che und ihrer Walnussfarbe schafft sie [&hellip;]<\/p>\n","protected":false},"featured_media":526082,"comment_status":"open","ping_status":"closed","template":"","meta":[],"product_brand":[],"product_cat":[457,458,456,459],"product_tag":[],"class_list":{"0":"post-532411","1":"product","2":"type-product","3":"status-publish","4":"has-post-thumbnail","6":"product_cat-badezimmer","7":"product_cat-kuchen","8":"product_cat-vohnzimmer","9":"product_cat-wandfliesen","11":"first","12":"instock","13":"shipping-taxable","14":"purchasable","15":"product-type-simple"},"_links":{"self":[{"href":"https:\/\/tilefly.com\/de\/wp-json\/wp\/v2\/product\/532411","targetHints":{"allow":["GET"]}}],"collection":[{"href":"https:\/\/tilefly.com\/de\/wp-json\/wp\/v2\/product"}],"about":[{"href":"https:\/\/tilefly.com\/de\/wp-json\/wp\/v2\/types\/product"}],"replies":[{"embeddable":true,"href":"https:\/\/tilefly.com\/de\/wp-json\/wp\/v2\/comments?post=532411"}],"wp:featuredmedia":[{"embeddable":true,"href":"https:\/\/tilefly.com\/de\/wp-json\/wp\/v2\/media\/526082"}],"wp:attachment":[{"href":"https:\/\/tilefly.com\/de\/wp-json\/wp\/v2\/media?parent=532411"}],"wp:term":[{"taxonomy":"product_brand","embeddable":true,"href":"https:\/\/tilefly.com\/de\/wp-json\/wp\/v2\/product_brand?post=532411"},{"taxonomy":"product_cat","embeddable":true,"href":"https:\/\/tilefly.com\/de\/wp-json\/wp\/v2\/product_cat?post=532411"},{"taxonomy":"product_tag","embeddable":true,"href":"https:\/\/tilefly.com\/de\/wp-json\/wp\/v2\/product_tag?post=532411"}],"curies":[{"name":"wp","href":"https:\/\/api.w.org\/{rel}","templated":true}]}}