{"id":532410,"date":"2024-01-26T17:06:05","date_gmt":"2024-01-26T16:06:05","guid":{"rendered":"https:\/\/tilefly.com\/producto\/antid-blaze-roble-mt-23x120-rect\/"},"modified":"2025-04-19T10:32:55","modified_gmt":"2025-04-19T08:32:55","slug":"antid-blaze-roble-mt-23x120-rect","status":"publish","type":"product","link":"https:\/\/tilefly.com\/de\/produkt\/antid-blaze-roble-mt-23x120-rect\/","title":{"rendered":"ANTID BLAZE ROBLE MT 23X120 RECT"},"content":{"rendered":"<h1><strong>Glasiertes Feinsteinzeug ANTID BLAZE ROBLE ROBLE MT 23X120 RECT<\/strong><\/h1><p>Diese Fliese aus der Serie BLAZE im Format 23X120 ist eine eichenfarbene glasierte Feinsteinzeugfliese in matter Ausf\u00fchrung.<\/p><h2>ANTID BLAZE OAK MT 23X120 RECT<\/h2><p>Die Fliese ANTID BLAZE OAK MT 23X120 RECT verbindet die \u00c4sthetik der Eiche mit der Rutschfestigkeit.<br \/>Die matte Oberfl\u00e4che und die Farbe der Eiche machen sie perfekt f\u00fcr Innenr\u00e4ume, insbesondere in Bereichen, die zu Feuchtigkeit neigen.<br \/>Das rektifizierte Format verleiht ihr einen Hauch von Eleganz.  <\/p>","protected":false},"excerpt":{"rendered":"<p>Glasiertes Feinsteinzeug ANTID BLAZE ROBLE ROBLE MT 23X120 RECTDiese Fliese aus der Serie BLAZE im Format 23X120 ist eine eichenfarbene glasierte Feinsteinzeugfliese in matter Ausf\u00fchrung.ANTID BLAZE OAK MT 23X120 RECTDie Fliese ANTID BLAZE OAK MT 23X120 RECT verbindet die \u00c4sthetik der Eiche mit der Rutschfestigkeit.Die matte Oberfl\u00e4che und die Farbe der Eiche machen sie perfekt [&hellip;]<\/p>\n","protected":false},"featured_media":526108,"comment_status":"open","ping_status":"closed","template":"","meta":[],"product_brand":[],"product_cat":[457,458,456,459],"product_tag":[],"class_list":{"0":"post-532410","1":"product","2":"type-product","3":"status-publish","4":"has-post-thumbnail","6":"product_cat-badezimmer","7":"product_cat-kuchen","8":"product_cat-vohnzimmer","9":"product_cat-wandfliesen","11":"first","12":"instock","13":"shipping-taxable","14":"purchasable","15":"product-type-simple"},"_links":{"self":[{"href":"https:\/\/tilefly.com\/de\/wp-json\/wp\/v2\/product\/532410","targetHints":{"allow":["GET"]}}],"collection":[{"href":"https:\/\/tilefly.com\/de\/wp-json\/wp\/v2\/product"}],"about":[{"href":"https:\/\/tilefly.com\/de\/wp-json\/wp\/v2\/types\/product"}],"replies":[{"embeddable":true,"href":"https:\/\/tilefly.com\/de\/wp-json\/wp\/v2\/comments?post=532410"}],"wp:featuredmedia":[{"embeddable":true,"href":"https:\/\/tilefly.com\/de\/wp-json\/wp\/v2\/media\/526108"}],"wp:attachment":[{"href":"https:\/\/tilefly.com\/de\/wp-json\/wp\/v2\/media?parent=532410"}],"wp:term":[{"taxonomy":"product_brand","embeddable":true,"href":"https:\/\/tilefly.com\/de\/wp-json\/wp\/v2\/product_brand?post=532410"},{"taxonomy":"product_cat","embeddable":true,"href":"https:\/\/tilefly.com\/de\/wp-json\/wp\/v2\/product_cat?post=532410"},{"taxonomy":"product_tag","embeddable":true,"href":"https:\/\/tilefly.com\/de\/wp-json\/wp\/v2\/product_tag?post=532410"}],"curies":[{"name":"wp","href":"https:\/\/api.w.org\/{rel}","templated":true}]}}