{"id":532408,"date":"2023-11-06T13:00:48","date_gmt":"2023-11-06T12:00:48","guid":{"rendered":"https:\/\/tilefly.com\/producto\/tyler-haya-mt-23x120\/"},"modified":"2024-08-13T15:07:29","modified_gmt":"2024-08-13T13:07:29","slug":"tyler-haya-mt-23x120","status":"publish","type":"product","link":"https:\/\/tilefly.com\/de\/produkt\/tyler-haya-mt-23x120\/","title":{"rendered":"TYLER HAYA MT 23X120"},"content":{"rendered":"<div class=\"woocommerce-tabs wc-tabs-wrapper\"><div id=\"tab-description\" class=\"woocommerce-Tabs-panel woocommerce-Tabs-panel--description panel entry-content wc-tab\" role=\"tabpanel\" aria-labelledby=\"tab-title-description\">  Diese Feinsteinzeugfliese der Serie TYLER zeichnet sich durch ihr emailliertes Porzellan aus, das zu den widerstandsf\u00e4higsten auf dem Markt geh\u00f6rt. Sie hat eine Holzimitation mit einer matten Oberfl\u00e4che im Format 23X120.  <\/div><\/div><div class=\"info-tecnica\"><\/div>","protected":false},"excerpt":{"rendered":"<p>Diese Feinsteinzeugfliese der Serie TYLER zeichnet sich durch ihr emailliertes Porzellan aus, das zu den widerstandsf\u00e4higsten auf dem Markt geh\u00f6rt. Sie hat eine Holzimitation mit einer matten Oberfl\u00e4che im Format 23X120.<\/p>\n","protected":false},"featured_media":525306,"comment_status":"closed","ping_status":"closed","template":"","meta":[],"product_brand":[],"product_cat":[457,460,458,456,459],"product_tag":[],"class_list":{"0":"post-532408","1":"product","2":"type-product","3":"status-publish","4":"has-post-thumbnail","6":"product_cat-badezimmer","7":"product_cat-bodenfliesen","8":"product_cat-kuchen","9":"product_cat-vohnzimmer","10":"product_cat-wandfliesen","12":"first","13":"instock","14":"shipping-taxable","15":"purchasable","16":"product-type-simple"},"_links":{"self":[{"href":"https:\/\/tilefly.com\/de\/wp-json\/wp\/v2\/product\/532408","targetHints":{"allow":["GET"]}}],"collection":[{"href":"https:\/\/tilefly.com\/de\/wp-json\/wp\/v2\/product"}],"about":[{"href":"https:\/\/tilefly.com\/de\/wp-json\/wp\/v2\/types\/product"}],"replies":[{"embeddable":true,"href":"https:\/\/tilefly.com\/de\/wp-json\/wp\/v2\/comments?post=532408"}],"wp:featuredmedia":[{"embeddable":true,"href":"https:\/\/tilefly.com\/de\/wp-json\/wp\/v2\/media\/525306"}],"wp:attachment":[{"href":"https:\/\/tilefly.com\/de\/wp-json\/wp\/v2\/media?parent=532408"}],"wp:term":[{"taxonomy":"product_brand","embeddable":true,"href":"https:\/\/tilefly.com\/de\/wp-json\/wp\/v2\/product_brand?post=532408"},{"taxonomy":"product_cat","embeddable":true,"href":"https:\/\/tilefly.com\/de\/wp-json\/wp\/v2\/product_cat?post=532408"},{"taxonomy":"product_tag","embeddable":true,"href":"https:\/\/tilefly.com\/de\/wp-json\/wp\/v2\/product_tag?post=532408"}],"curies":[{"name":"wp","href":"https:\/\/api.w.org\/{rel}","templated":true}]}}