{"id":532391,"date":"2023-02-03T16:18:06","date_gmt":"2023-02-03T15:18:06","guid":{"rendered":"https:\/\/tilefly.com\/producto\/civic-cenere-mt-23x120-rect-inout\/"},"modified":"2024-08-13T15:07:16","modified_gmt":"2024-08-13T13:07:16","slug":"civic-cenere-mt-23x120-rect-inout","status":"publish","type":"product","link":"https:\/\/tilefly.com\/de\/produkt\/civic-cenere-mt-23x120-rect-inout\/","title":{"rendered":"CIVIC CENERE MT 23X120 RECT INOUT"},"content":{"rendered":"<h1><strong>Civic Cenere Mt 23X120 Rect Inout Matt Enamelled Feinsteinzeugfliese<\/strong><\/h1><p>Diese Fliese aus der Serie Civic im Format 23X120 ist ein matt glasiertes Feinsteinzeug in der Farbe Grau in der Ausf\u00fchrung Matt.<\/p><p>Diese Fliese verf\u00fcgt \u00fcber die INOUT-Technologie, eine Materialeigenschaft, die sie weich im Griff und rutschfest zwischen C2-C3 und R10-R11 macht, ideal f\u00fcr die Verlegung innerhalb und au\u00dferhalb des Hauses.<\/p><h2>Civic Serie<\/h2><p><a href=\"https:\/\/tilefly.com\/producto\/civic\/\">Civic<\/a> Kollektion mit Holzimitatfliesen<\/p><p>Diese Serie bietet eine moderne Grafik mit einem weichen Griff und einem Glanz, der in die Maserung der Textur eingebettet ist und sie spektakul\u00e4r macht!<\/p><p>Es interpretiert Holz neu mit einer modernen Grafik von weicher, linearer \u00c4sthetik und einer beispiellosen rutschfesten Oberfl\u00e4che, die sich weich anf\u00fchlt, aber einen gl\u00e4nzenden Schimmer in der Maserung aufweist.<br \/>Zwei unterschiedliche Seelen, die eng miteinander verbunden sind, mit einer starken Vitalit\u00e4t, die die lebendige Sch\u00f6nheit der Natur nach Hause bringt. Perfekt f\u00fcr Umgebungen mit einem schlichten, minimalistischen Touch, sowohl innerhalb als auch au\u00dferhalb des Hauses. <\/p>","protected":false},"excerpt":{"rendered":"<p>Civic Cenere Mt 23X120 Rect Inout Matt Enamelled FeinsteinzeugflieseDiese Fliese aus der Serie Civic im Format 23X120 ist ein matt glasiertes Feinsteinzeug in der Farbe Grau in der Ausf\u00fchrung Matt.Diese Fliese verf\u00fcgt \u00fcber die INOUT-Technologie, eine Materialeigenschaft, die sie weich im Griff und rutschfest zwischen C2-C3 und R10-R11 macht, ideal f\u00fcr die Verlegung innerhalb und [&hellip;]<\/p>\n","protected":false},"featured_media":521897,"comment_status":"open","ping_status":"closed","template":"","meta":[],"product_brand":[],"product_cat":[457,458,456,459],"product_tag":[],"class_list":{"0":"post-532391","1":"product","2":"type-product","3":"status-publish","4":"has-post-thumbnail","6":"product_cat-badezimmer","7":"product_cat-kuchen","8":"product_cat-vohnzimmer","9":"product_cat-wandfliesen","11":"first","12":"outofstock","13":"shipping-taxable","14":"purchasable","15":"product-type-simple"},"_links":{"self":[{"href":"https:\/\/tilefly.com\/de\/wp-json\/wp\/v2\/product\/532391","targetHints":{"allow":["GET"]}}],"collection":[{"href":"https:\/\/tilefly.com\/de\/wp-json\/wp\/v2\/product"}],"about":[{"href":"https:\/\/tilefly.com\/de\/wp-json\/wp\/v2\/types\/product"}],"replies":[{"embeddable":true,"href":"https:\/\/tilefly.com\/de\/wp-json\/wp\/v2\/comments?post=532391"}],"wp:featuredmedia":[{"embeddable":true,"href":"https:\/\/tilefly.com\/de\/wp-json\/wp\/v2\/media\/521897"}],"wp:attachment":[{"href":"https:\/\/tilefly.com\/de\/wp-json\/wp\/v2\/media?parent=532391"}],"wp:term":[{"taxonomy":"product_brand","embeddable":true,"href":"https:\/\/tilefly.com\/de\/wp-json\/wp\/v2\/product_brand?post=532391"},{"taxonomy":"product_cat","embeddable":true,"href":"https:\/\/tilefly.com\/de\/wp-json\/wp\/v2\/product_cat?post=532391"},{"taxonomy":"product_tag","embeddable":true,"href":"https:\/\/tilefly.com\/de\/wp-json\/wp\/v2\/product_tag?post=532391"}],"curies":[{"name":"wp","href":"https:\/\/api.w.org\/{rel}","templated":true}]}}