{"id":532215,"date":"2020-10-09T15:26:30","date_gmt":"2020-10-09T13:26:30","guid":{"rendered":"https:\/\/tilefly.com\/producto\/merbau-miel-23x120\/"},"modified":"2024-08-13T15:04:47","modified_gmt":"2024-08-13T13:04:47","slug":"merbau-miel-23x120","status":"publish","type":"product","link":"https:\/\/tilefly.com\/de\/produkt\/merbau-miel-23x120\/","title":{"rendered":"MERBAU MIEL 23X120"},"content":{"rendered":"<p>Diese Feinsteinzeugfliese der Serie MERBAU zeichnet sich durch ihr emailliertes Porzellan aus, das zu den widerstandsf\u00e4higsten auf dem Markt geh\u00f6rt. Sie hat eine Holzimitation mit matter Oberfl\u00e4che im Format 23X120.<\/p>","protected":false},"excerpt":{"rendered":"<p>Diese Feinsteinzeugfliese der Serie MERBAU zeichnet sich durch ihr emailliertes Porzellan aus, das zu den widerstandsf\u00e4higsten auf dem Markt geh\u00f6rt. Sie hat eine Holzimitation mit matter Oberfl\u00e4che im Format 23X120.<\/p>\n","protected":false},"featured_media":532217,"comment_status":"open","ping_status":"closed","template":"","meta":[],"product_brand":[],"product_cat":[460,458,456],"product_tag":[],"class_list":{"0":"post-532215","1":"product","2":"type-product","3":"status-publish","4":"has-post-thumbnail","6":"product_cat-bodenfliesen","7":"product_cat-kuchen","8":"product_cat-vohnzimmer","10":"first","11":"instock","12":"shipping-taxable","13":"purchasable","14":"product-type-simple"},"_links":{"self":[{"href":"https:\/\/tilefly.com\/de\/wp-json\/wp\/v2\/product\/532215","targetHints":{"allow":["GET"]}}],"collection":[{"href":"https:\/\/tilefly.com\/de\/wp-json\/wp\/v2\/product"}],"about":[{"href":"https:\/\/tilefly.com\/de\/wp-json\/wp\/v2\/types\/product"}],"replies":[{"embeddable":true,"href":"https:\/\/tilefly.com\/de\/wp-json\/wp\/v2\/comments?post=532215"}],"wp:featuredmedia":[{"embeddable":true,"href":"https:\/\/tilefly.com\/de\/wp-json\/wp\/v2\/media\/532217"}],"wp:attachment":[{"href":"https:\/\/tilefly.com\/de\/wp-json\/wp\/v2\/media?parent=532215"}],"wp:term":[{"taxonomy":"product_brand","embeddable":true,"href":"https:\/\/tilefly.com\/de\/wp-json\/wp\/v2\/product_brand?post=532215"},{"taxonomy":"product_cat","embeddable":true,"href":"https:\/\/tilefly.com\/de\/wp-json\/wp\/v2\/product_cat?post=532215"},{"taxonomy":"product_tag","embeddable":true,"href":"https:\/\/tilefly.com\/de\/wp-json\/wp\/v2\/product_tag?post=532215"}],"curies":[{"name":"wp","href":"https:\/\/api.w.org\/{rel}","templated":true}]}}