{"id":531825,"date":"2020-10-18T23:58:16","date_gmt":"2024-08-13T12:50:20","guid":{"rendered":"https:\/\/tilefly.com\/producto\/perlanova-30x90\/"},"modified":"2024-08-13T14:50:20","modified_gmt":"2024-08-13T12:50:20","slug":"perlanova-30x90","status":"publish","type":"product","link":"https:\/\/tilefly.com\/de\/produkt\/perlanova-30x90\/","title":{"rendered":"PERLANOVA 30X90"},"content":{"rendered":"<p>Elegante Fliese mit einem gl\u00e4nzenden Marmor-Design.<br \/>Die Originalit\u00e4t ihres perlgrauen Farbtons und ihre kupferfarbenen Adern machen sie zu einer eleganten Option f\u00fcr klassische Atmosph\u00e4ren mit einem Hauch von Erneuerung. <\/p>","protected":false},"excerpt":{"rendered":"<p>Elegante Fliese mit einem gl\u00e4nzenden Marmor-Design.Die Originalit\u00e4t ihres perlgrauen Farbtons und ihre kupferfarbenen Adern machen sie zu einer eleganten Option f\u00fcr klassische Atmosph\u00e4ren mit einem Hauch von Erneuerung.<\/p>\n","protected":false},"featured_media":133374,"comment_status":"open","ping_status":"closed","template":"","meta":[],"product_brand":[],"product_cat":[457,458,459],"product_tag":[],"class_list":{"0":"post-531825","1":"product","2":"type-product","3":"status-publish","4":"has-post-thumbnail","6":"product_cat-badezimmer","7":"product_cat-kuchen","8":"product_cat-wandfliesen","10":"first","11":"instock","12":"shipping-taxable","13":"purchasable","14":"product-type-simple"},"_links":{"self":[{"href":"https:\/\/tilefly.com\/de\/wp-json\/wp\/v2\/product\/531825","targetHints":{"allow":["GET"]}}],"collection":[{"href":"https:\/\/tilefly.com\/de\/wp-json\/wp\/v2\/product"}],"about":[{"href":"https:\/\/tilefly.com\/de\/wp-json\/wp\/v2\/types\/product"}],"replies":[{"embeddable":true,"href":"https:\/\/tilefly.com\/de\/wp-json\/wp\/v2\/comments?post=531825"}],"wp:featuredmedia":[{"embeddable":true,"href":"https:\/\/tilefly.com\/de\/wp-json\/wp\/v2\/media\/133374"}],"wp:attachment":[{"href":"https:\/\/tilefly.com\/de\/wp-json\/wp\/v2\/media?parent=531825"}],"wp:term":[{"taxonomy":"product_brand","embeddable":true,"href":"https:\/\/tilefly.com\/de\/wp-json\/wp\/v2\/product_brand?post=531825"},{"taxonomy":"product_cat","embeddable":true,"href":"https:\/\/tilefly.com\/de\/wp-json\/wp\/v2\/product_cat?post=531825"},{"taxonomy":"product_tag","embeddable":true,"href":"https:\/\/tilefly.com\/de\/wp-json\/wp\/v2\/product_tag?post=531825"}],"curies":[{"name":"wp","href":"https:\/\/api.w.org\/{rel}","templated":true}]}}