{"id":531805,"date":"2020-10-18T23:58:16","date_gmt":"2024-08-13T12:50:15","guid":{"rendered":"https:\/\/tilefly.com\/producto\/origins-30x90\/"},"modified":"2024-08-13T14:50:15","modified_gmt":"2024-08-13T12:50:15","slug":"origins-30x90","status":"publish","type":"product","link":"https:\/\/tilefly.com\/de\/produkt\/origins-30x90\/","title":{"rendered":"ORIGINS 30X90"},"content":{"rendered":"<p>Rektifizierte und dekorierte Fliese f\u00fcr Zementserien, die die Krakelee-Effekte und die Tonvariationen der reaktiven Glasuren reproduziert, die f\u00fcr authentische traditionelle Keramik typisch sind.<br \/>Geeignet f\u00fcr die vertikale oder horizontale Verlegung. <\/p>","protected":false},"excerpt":{"rendered":"<p>Rektifizierte und dekorierte Fliese f\u00fcr Zementserien, die die Krakelee-Effekte und die Tonvariationen der reaktiven Glasuren reproduziert, die f\u00fcr authentische traditionelle Keramik typisch sind.Geeignet f\u00fcr die vertikale oder horizontale Verlegung.<\/p>\n","protected":false},"featured_media":531809,"comment_status":"open","ping_status":"closed","template":"","meta":[],"product_brand":[],"product_cat":[457,458,459],"product_tag":[],"class_list":{"0":"post-531805","1":"product","2":"type-product","3":"status-publish","4":"has-post-thumbnail","6":"product_cat-badezimmer","7":"product_cat-kuchen","8":"product_cat-wandfliesen","10":"first","11":"outofstock","12":"shipping-taxable","13":"purchasable","14":"product-type-simple"},"_links":{"self":[{"href":"https:\/\/tilefly.com\/de\/wp-json\/wp\/v2\/product\/531805","targetHints":{"allow":["GET"]}}],"collection":[{"href":"https:\/\/tilefly.com\/de\/wp-json\/wp\/v2\/product"}],"about":[{"href":"https:\/\/tilefly.com\/de\/wp-json\/wp\/v2\/types\/product"}],"replies":[{"embeddable":true,"href":"https:\/\/tilefly.com\/de\/wp-json\/wp\/v2\/comments?post=531805"}],"wp:featuredmedia":[{"embeddable":true,"href":"https:\/\/tilefly.com\/de\/wp-json\/wp\/v2\/media\/531809"}],"wp:attachment":[{"href":"https:\/\/tilefly.com\/de\/wp-json\/wp\/v2\/media?parent=531805"}],"wp:term":[{"taxonomy":"product_brand","embeddable":true,"href":"https:\/\/tilefly.com\/de\/wp-json\/wp\/v2\/product_brand?post=531805"},{"taxonomy":"product_cat","embeddable":true,"href":"https:\/\/tilefly.com\/de\/wp-json\/wp\/v2\/product_cat?post=531805"},{"taxonomy":"product_tag","embeddable":true,"href":"https:\/\/tilefly.com\/de\/wp-json\/wp\/v2\/product_tag?post=531805"}],"curies":[{"name":"wp","href":"https:\/\/api.w.org\/{rel}","templated":true}]}}