{"id":531774,"date":"2020-10-16T07:46:07","date_gmt":"2024-08-13T12:50:03","guid":{"rendered":"https:\/\/tilefly.com\/producto\/marmolissima-30x90\/"},"modified":"2024-08-13T14:50:03","modified_gmt":"2024-08-13T12:50:03","slug":"marmolissima-30x90","status":"publish","type":"product","link":"https:\/\/tilefly.com\/de\/produkt\/marmolissima-30x90\/","title":{"rendered":"MARMOLISSIMA 30X90"},"content":{"rendered":"<p>Die Linien pr\u00e4gen das Design dieses Dekors 30&#215;90, bei dem sich Schwarz vom Marmor abhebt und dezente goldene F\u00e4den erkennen l\u00e4sst.<br \/>Vervollst\u00e4ndigen Sie Ihren Raum mit Wand- und Bodenfliesen aus der Serie Calacatta Lux. <\/p>","protected":false},"excerpt":{"rendered":"<p>Die Linien pr\u00e4gen das Design dieses Dekors 30&#215;90, bei dem sich Schwarz vom Marmor abhebt und dezente goldene F\u00e4den erkennen l\u00e4sst.Vervollst\u00e4ndigen Sie Ihren Raum mit Wand- und Bodenfliesen aus der Serie Calacatta Lux.<\/p>\n","protected":false},"featured_media":531776,"comment_status":"open","ping_status":"closed","template":"","meta":[],"product_brand":[],"product_cat":[457,458,459],"product_tag":[],"class_list":{"0":"post-531774","1":"product","2":"type-product","3":"status-publish","4":"has-post-thumbnail","6":"product_cat-badezimmer","7":"product_cat-kuchen","8":"product_cat-wandfliesen","10":"first","11":"outofstock","12":"shipping-taxable","13":"purchasable","14":"product-type-simple"},"_links":{"self":[{"href":"https:\/\/tilefly.com\/de\/wp-json\/wp\/v2\/product\/531774","targetHints":{"allow":["GET"]}}],"collection":[{"href":"https:\/\/tilefly.com\/de\/wp-json\/wp\/v2\/product"}],"about":[{"href":"https:\/\/tilefly.com\/de\/wp-json\/wp\/v2\/types\/product"}],"replies":[{"embeddable":true,"href":"https:\/\/tilefly.com\/de\/wp-json\/wp\/v2\/comments?post=531774"}],"wp:featuredmedia":[{"embeddable":true,"href":"https:\/\/tilefly.com\/de\/wp-json\/wp\/v2\/media\/531776"}],"wp:attachment":[{"href":"https:\/\/tilefly.com\/de\/wp-json\/wp\/v2\/media?parent=531774"}],"wp:term":[{"taxonomy":"product_brand","embeddable":true,"href":"https:\/\/tilefly.com\/de\/wp-json\/wp\/v2\/product_brand?post=531774"},{"taxonomy":"product_cat","embeddable":true,"href":"https:\/\/tilefly.com\/de\/wp-json\/wp\/v2\/product_cat?post=531774"},{"taxonomy":"product_tag","embeddable":true,"href":"https:\/\/tilefly.com\/de\/wp-json\/wp\/v2\/product_tag?post=531774"}],"curies":[{"name":"wp","href":"https:\/\/api.w.org\/{rel}","templated":true}]}}