{"id":531710,"date":"2020-09-01T11:39:32","date_gmt":"2024-08-13T12:49:27","guid":{"rendered":"https:\/\/tilefly.com\/producto\/sassi-grigio-natural-30x90\/"},"modified":"2024-08-13T14:49:27","modified_gmt":"2024-08-13T12:49:27","slug":"sassi-grigio-natural-30x90","status":"publish","type":"product","link":"https:\/\/tilefly.com\/de\/produkt\/sassi-grigio-natural-30x90\/","title":{"rendered":"SASSI GRIGIO NATURAL 30X90"},"content":{"rendered":"<p>Sassi Wall Tile ist die Kollektion, die auf der Basis von Sassi aufbaut. Durch die Kombination der beiden ist es m\u00f6glich, einheitliche Atmosph\u00e4ren zu schaffen, die das Gef\u00fchl von Kontinuit\u00e4t vermitteln, das in manchen R\u00e4umen fast lebenswichtig ist.<br \/>Diese Fliese eignet sich besonders f\u00fcr Verkleidungen, da sie aus wei\u00dfer Paste hergestellt wird, die viel heller ist als das \u00fcbliche Feinsteinzeug.<br \/>Diese Eigenschaft des Teints beg\u00fcnstigt sowohl die Verlegung als auch den Preis auf dem Markt.<br \/>Die Linie wird durch ein pr\u00e4chtiges Pr\u00e4gedekor f\u00fcr alle in der Serie erh\u00e4ltlichen Farbt\u00f6ne vervollst\u00e4ndigt.   <\/p>","protected":false},"excerpt":{"rendered":"<p>Sassi Wall Tile ist die Kollektion, die auf der Basis von Sassi aufbaut. Durch die Kombination der beiden ist es m\u00f6glich, einheitliche Atmosph\u00e4ren zu schaffen, die das Gef\u00fchl von Kontinuit\u00e4t vermitteln, das in manchen R\u00e4umen fast lebenswichtig ist.Diese Fliese eignet sich besonders f\u00fcr Verkleidungen, da sie aus wei\u00dfer Paste hergestellt wird, die viel heller ist [&hellip;]<\/p>\n","protected":false},"featured_media":72622,"comment_status":"open","ping_status":"closed","template":"","meta":[],"product_brand":[],"product_cat":[457,460,458,459],"product_tag":[],"class_list":{"0":"post-531710","1":"product","2":"type-product","3":"status-publish","4":"has-post-thumbnail","6":"product_cat-badezimmer","7":"product_cat-bodenfliesen","8":"product_cat-kuchen","9":"product_cat-wandfliesen","11":"first","12":"instock","13":"shipping-taxable","14":"purchasable","15":"product-type-simple"},"_links":{"self":[{"href":"https:\/\/tilefly.com\/de\/wp-json\/wp\/v2\/product\/531710","targetHints":{"allow":["GET"]}}],"collection":[{"href":"https:\/\/tilefly.com\/de\/wp-json\/wp\/v2\/product"}],"about":[{"href":"https:\/\/tilefly.com\/de\/wp-json\/wp\/v2\/types\/product"}],"replies":[{"embeddable":true,"href":"https:\/\/tilefly.com\/de\/wp-json\/wp\/v2\/comments?post=531710"}],"wp:featuredmedia":[{"embeddable":true,"href":"https:\/\/tilefly.com\/de\/wp-json\/wp\/v2\/media\/72622"}],"wp:attachment":[{"href":"https:\/\/tilefly.com\/de\/wp-json\/wp\/v2\/media?parent=531710"}],"wp:term":[{"taxonomy":"product_brand","embeddable":true,"href":"https:\/\/tilefly.com\/de\/wp-json\/wp\/v2\/product_brand?post=531710"},{"taxonomy":"product_cat","embeddable":true,"href":"https:\/\/tilefly.com\/de\/wp-json\/wp\/v2\/product_cat?post=531710"},{"taxonomy":"product_tag","embeddable":true,"href":"https:\/\/tilefly.com\/de\/wp-json\/wp\/v2\/product_tag?post=531710"}],"curies":[{"name":"wp","href":"https:\/\/api.w.org\/{rel}","templated":true}]}}