{"id":531671,"date":"2020-09-01T11:09:55","date_gmt":"2024-08-13T12:48:57","guid":{"rendered":"https:\/\/tilefly.com\/producto\/loft-white-natural-30x90\/"},"modified":"2024-08-13T14:48:57","modified_gmt":"2024-08-13T12:48:57","slug":"loft-white-natural-30x90","status":"publish","type":"product","link":"https:\/\/tilefly.com\/de\/produkt\/loft-white-natural-30x90\/","title":{"rendered":"LOFT WHITE NATURAL 30X90"},"content":{"rendered":"<p>Loft Wall Tile ist die Kollektion, die auf der Serie Loft basiert.<br \/>Sie bietet die M\u00f6glichkeit, v\u00f6llig homogene, einheitliche Atmosph\u00e4ren zu schaffen, die ein Gef\u00fchl der Kontinuit\u00e4t vermitteln.<br \/>Diese Fliese eignet sich besonders gut f\u00fcr Wandverkleidungen, da sie aus wei\u00dfer Paste hergestellt wird, die viel heller ist als das \u00fcbliche Feinsteinzeug.<br \/>Die Linie wird durch ein pr\u00e4chtiges Pr\u00e4gedekor f\u00fcr alle in der Serie Loft erh\u00e4ltlichen Farbt\u00f6ne vervollst\u00e4ndigt.   <\/p>","protected":false},"excerpt":{"rendered":"<p>Loft Wall Tile ist die Kollektion, die auf der Serie Loft basiert.Sie bietet die M\u00f6glichkeit, v\u00f6llig homogene, einheitliche Atmosph\u00e4ren zu schaffen, die ein Gef\u00fchl der Kontinuit\u00e4t vermitteln.Diese Fliese eignet sich besonders gut f\u00fcr Wandverkleidungen, da sie aus wei\u00dfer Paste hergestellt wird, die viel heller ist als das \u00fcbliche Feinsteinzeug.Die Linie wird durch ein pr\u00e4chtiges Pr\u00e4gedekor [&hellip;]<\/p>\n","protected":false},"featured_media":72588,"comment_status":"open","ping_status":"closed","template":"","meta":[],"product_brand":[],"product_cat":[457,460,458,459],"product_tag":[],"class_list":{"0":"post-531671","1":"product","2":"type-product","3":"status-publish","4":"has-post-thumbnail","6":"product_cat-badezimmer","7":"product_cat-bodenfliesen","8":"product_cat-kuchen","9":"product_cat-wandfliesen","11":"first","12":"instock","13":"shipping-taxable","14":"purchasable","15":"product-type-simple"},"_links":{"self":[{"href":"https:\/\/tilefly.com\/de\/wp-json\/wp\/v2\/product\/531671","targetHints":{"allow":["GET"]}}],"collection":[{"href":"https:\/\/tilefly.com\/de\/wp-json\/wp\/v2\/product"}],"about":[{"href":"https:\/\/tilefly.com\/de\/wp-json\/wp\/v2\/types\/product"}],"replies":[{"embeddable":true,"href":"https:\/\/tilefly.com\/de\/wp-json\/wp\/v2\/comments?post=531671"}],"wp:featuredmedia":[{"embeddable":true,"href":"https:\/\/tilefly.com\/de\/wp-json\/wp\/v2\/media\/72588"}],"wp:attachment":[{"href":"https:\/\/tilefly.com\/de\/wp-json\/wp\/v2\/media?parent=531671"}],"wp:term":[{"taxonomy":"product_brand","embeddable":true,"href":"https:\/\/tilefly.com\/de\/wp-json\/wp\/v2\/product_brand?post=531671"},{"taxonomy":"product_cat","embeddable":true,"href":"https:\/\/tilefly.com\/de\/wp-json\/wp\/v2\/product_cat?post=531671"},{"taxonomy":"product_tag","embeddable":true,"href":"https:\/\/tilefly.com\/de\/wp-json\/wp\/v2\/product_tag?post=531671"}],"curies":[{"name":"wp","href":"https:\/\/api.w.org\/{rel}","templated":true}]}}