{"id":531415,"date":"2019-09-13T12:36:03","date_gmt":"2024-08-13T12:43:03","guid":{"rendered":"https:\/\/tilefly.com\/producto\/decor-tyg-i-white-30x90\/"},"modified":"2024-08-13T14:43:03","modified_gmt":"2024-08-13T12:43:03","slug":"decor-tyg-i-white-30x90","status":"publish","type":"product","link":"https:\/\/tilefly.com\/de\/produkt\/decor-tyg-i-white-30x90\/","title":{"rendered":"DECOR TYG I WHITE 30X90"},"content":{"rendered":"<h1><strong>Wei\u00dfe Pastenfliese DECOR TYG I WHITE 30X90<\/strong><\/h1><p>Diese Fliese Pasta Blanca im Format 30X90 cm, matte Oberfl\u00e4che und Farbe Wei\u00df ist perfekt f\u00fcr Ihr Zuhause.<br \/>Ihr Herstellungsmaterial ist White Paste. <\/p><p>Besondere Merkmale: Dekoriert<\/p>","protected":false},"excerpt":{"rendered":"<p>Wei\u00dfe Pastenfliese DECOR TYG I WHITE 30X90Diese Fliese Pasta Blanca im Format 30X90 cm, matte Oberfl\u00e4che und Farbe Wei\u00df ist perfekt f\u00fcr Ihr Zuhause.Ihr Herstellungsmaterial ist White Paste. Besondere Merkmale: Dekoriert<\/p>\n","protected":false},"featured_media":531416,"comment_status":"closed","ping_status":"closed","template":"","meta":[],"product_brand":[],"product_cat":[457,460,458,459],"product_tag":[],"class_list":{"0":"post-531415","1":"product","2":"type-product","3":"status-publish","4":"has-post-thumbnail","6":"product_cat-badezimmer","7":"product_cat-bodenfliesen","8":"product_cat-kuchen","9":"product_cat-wandfliesen","11":"first","12":"outofstock","13":"shipping-taxable","14":"purchasable","15":"product-type-simple"},"_links":{"self":[{"href":"https:\/\/tilefly.com\/de\/wp-json\/wp\/v2\/product\/531415","targetHints":{"allow":["GET"]}}],"collection":[{"href":"https:\/\/tilefly.com\/de\/wp-json\/wp\/v2\/product"}],"about":[{"href":"https:\/\/tilefly.com\/de\/wp-json\/wp\/v2\/types\/product"}],"replies":[{"embeddable":true,"href":"https:\/\/tilefly.com\/de\/wp-json\/wp\/v2\/comments?post=531415"}],"wp:featuredmedia":[{"embeddable":true,"href":"https:\/\/tilefly.com\/de\/wp-json\/wp\/v2\/media\/531416"}],"wp:attachment":[{"href":"https:\/\/tilefly.com\/de\/wp-json\/wp\/v2\/media?parent=531415"}],"wp:term":[{"taxonomy":"product_brand","embeddable":true,"href":"https:\/\/tilefly.com\/de\/wp-json\/wp\/v2\/product_brand?post=531415"},{"taxonomy":"product_cat","embeddable":true,"href":"https:\/\/tilefly.com\/de\/wp-json\/wp\/v2\/product_cat?post=531415"},{"taxonomy":"product_tag","embeddable":true,"href":"https:\/\/tilefly.com\/de\/wp-json\/wp\/v2\/product_tag?post=531415"}],"curies":[{"name":"wp","href":"https:\/\/api.w.org\/{rel}","templated":true}]}}