{"id":531378,"date":"2020-10-16T07:46:07","date_gmt":"2024-08-13T12:41:26","guid":{"rendered":"https:\/\/tilefly.com\/producto\/karakter-light-30x90\/"},"modified":"2024-08-13T14:41:26","modified_gmt":"2024-08-13T12:41:26","slug":"karakter-light-30x90","status":"publish","type":"product","link":"https:\/\/tilefly.com\/de\/produkt\/karakter-light-30x90\/","title":{"rendered":"KARAKTER LIGHT 30X90"},"content":{"rendered":"<h1><strong>KARAKTER LIGHT Wei\u00dfe Paste Fliese 30X90<\/strong><\/h1><p>Diese Fliese Pasta Blanca im Format cm, matte Oberfl\u00e4che und Farbe Grau ist perfekt f\u00fcr Ihr Zuhause.<br \/>Ihr Herstellungsmaterial ist Pasta Blanca. <\/p><p>Besondere Merkmale: Dekoriert<\/p>","protected":false},"excerpt":{"rendered":"<p>KARAKTER LIGHT Wei\u00dfe Paste Fliese 30X90Diese Fliese Pasta Blanca im Format cm, matte Oberfl\u00e4che und Farbe Grau ist perfekt f\u00fcr Ihr Zuhause.Ihr Herstellungsmaterial ist Pasta Blanca. Besondere Merkmale: Dekoriert<\/p>\n","protected":false},"featured_media":124088,"comment_status":"open","ping_status":"closed","template":"","meta":[],"product_brand":[],"product_cat":[457,458,459],"product_tag":[],"class_list":{"0":"post-531378","1":"product","2":"type-product","3":"status-publish","4":"has-post-thumbnail","6":"product_cat-badezimmer","7":"product_cat-kuchen","8":"product_cat-wandfliesen","10":"first","11":"instock","12":"shipping-taxable","13":"purchasable","14":"product-type-simple"},"_links":{"self":[{"href":"https:\/\/tilefly.com\/de\/wp-json\/wp\/v2\/product\/531378","targetHints":{"allow":["GET"]}}],"collection":[{"href":"https:\/\/tilefly.com\/de\/wp-json\/wp\/v2\/product"}],"about":[{"href":"https:\/\/tilefly.com\/de\/wp-json\/wp\/v2\/types\/product"}],"replies":[{"embeddable":true,"href":"https:\/\/tilefly.com\/de\/wp-json\/wp\/v2\/comments?post=531378"}],"wp:featuredmedia":[{"embeddable":true,"href":"https:\/\/tilefly.com\/de\/wp-json\/wp\/v2\/media\/124088"}],"wp:attachment":[{"href":"https:\/\/tilefly.com\/de\/wp-json\/wp\/v2\/media?parent=531378"}],"wp:term":[{"taxonomy":"product_brand","embeddable":true,"href":"https:\/\/tilefly.com\/de\/wp-json\/wp\/v2\/product_brand?post=531378"},{"taxonomy":"product_cat","embeddable":true,"href":"https:\/\/tilefly.com\/de\/wp-json\/wp\/v2\/product_cat?post=531378"},{"taxonomy":"product_tag","embeddable":true,"href":"https:\/\/tilefly.com\/de\/wp-json\/wp\/v2\/product_tag?post=531378"}],"curies":[{"name":"wp","href":"https:\/\/api.w.org\/{rel}","templated":true}]}}