{"id":531370,"date":"2020-10-16T07:46:07","date_gmt":"2024-08-13T12:41:24","guid":{"rendered":"https:\/\/tilefly.com\/producto\/karakter-30x90\/"},"modified":"2024-08-13T14:41:24","modified_gmt":"2024-08-13T12:41:24","slug":"karakter-30x90","status":"publish","type":"product","link":"https:\/\/tilefly.com\/de\/produkt\/karakter-30x90\/","title":{"rendered":"KARAKTER 30X90"},"content":{"rendered":"<p>Originelle Fliese, die die \u00c4sthetik eines dunklen Steins von gro\u00dfem Charakter wiedergibt, der von wei\u00dfen Adern durchzogen ist.<br \/>Das glatte Relief der Oberfl\u00e4che unterstreicht ihr nat\u00fcrliches Aussehen.<br \/>Eine perfekte Wahl f\u00fcr Atmosph\u00e4ren von zeitloser Sch\u00f6nheit.  <\/p>","protected":false},"excerpt":{"rendered":"<p>Originelle Fliese, die die \u00c4sthetik eines dunklen Steins von gro\u00dfem Charakter wiedergibt, der von wei\u00dfen Adern durchzogen ist.Das glatte Relief der Oberfl\u00e4che unterstreicht ihr nat\u00fcrliches Aussehen.Eine perfekte Wahl f\u00fcr Atmosph\u00e4ren von zeitloser Sch\u00f6nheit.<\/p>\n","protected":false},"featured_media":124084,"comment_status":"open","ping_status":"closed","template":"","meta":[],"product_brand":[],"product_cat":[457,458,459],"product_tag":[],"class_list":{"0":"post-531370","1":"product","2":"type-product","3":"status-publish","4":"has-post-thumbnail","6":"product_cat-badezimmer","7":"product_cat-kuchen","8":"product_cat-wandfliesen","10":"first","11":"instock","12":"shipping-taxable","13":"purchasable","14":"product-type-simple"},"_links":{"self":[{"href":"https:\/\/tilefly.com\/de\/wp-json\/wp\/v2\/product\/531370","targetHints":{"allow":["GET"]}}],"collection":[{"href":"https:\/\/tilefly.com\/de\/wp-json\/wp\/v2\/product"}],"about":[{"href":"https:\/\/tilefly.com\/de\/wp-json\/wp\/v2\/types\/product"}],"replies":[{"embeddable":true,"href":"https:\/\/tilefly.com\/de\/wp-json\/wp\/v2\/comments?post=531370"}],"wp:featuredmedia":[{"embeddable":true,"href":"https:\/\/tilefly.com\/de\/wp-json\/wp\/v2\/media\/124084"}],"wp:attachment":[{"href":"https:\/\/tilefly.com\/de\/wp-json\/wp\/v2\/media?parent=531370"}],"wp:term":[{"taxonomy":"product_brand","embeddable":true,"href":"https:\/\/tilefly.com\/de\/wp-json\/wp\/v2\/product_brand?post=531370"},{"taxonomy":"product_cat","embeddable":true,"href":"https:\/\/tilefly.com\/de\/wp-json\/wp\/v2\/product_cat?post=531370"},{"taxonomy":"product_tag","embeddable":true,"href":"https:\/\/tilefly.com\/de\/wp-json\/wp\/v2\/product_tag?post=531370"}],"curies":[{"name":"wp","href":"https:\/\/api.w.org\/{rel}","templated":true}]}}