{"id":531280,"date":"2020-10-16T07:46:07","date_gmt":"2024-08-13T12:40:57","guid":{"rendered":"https:\/\/tilefly.com\/producto\/hipster-brick-smoke-30x90\/"},"modified":"2024-08-13T14:40:57","modified_gmt":"2024-08-13T12:40:57","slug":"hipster-brick-smoke-30x90","status":"publish","type":"product","link":"https:\/\/tilefly.com\/de\/produkt\/hipster-brick-smoke-30x90\/","title":{"rendered":"HIPSTER BRICK SMOKE 30X90"},"content":{"rendered":"<p>Modernes Relief f\u00fcr rektifizierte Fliesen in 30&#215;90 mit einem Steinmosaik-Look mit verschiedenen Oberfl\u00e4chen (glatt, geh\u00e4mmert, gestreift)&#8230;<br \/>Kombinierbar mit HIPSTER SMOKE.<br \/>Heller Grauton.  <\/p>","protected":false},"excerpt":{"rendered":"<p>Modernes Relief f\u00fcr rektifizierte Fliesen in 30&#215;90 mit einem Steinmosaik-Look mit verschiedenen Oberfl\u00e4chen (glatt, geh\u00e4mmert, gestreift)&#8230;Kombinierbar mit HIPSTER SMOKE.Heller Grauton.<\/p>\n","protected":false},"featured_media":531284,"comment_status":"open","ping_status":"closed","template":"","meta":[],"product_brand":[],"product_cat":[457,458,459],"product_tag":[],"class_list":{"0":"post-531280","1":"product","2":"type-product","3":"status-publish","4":"has-post-thumbnail","6":"product_cat-badezimmer","7":"product_cat-kuchen","8":"product_cat-wandfliesen","10":"first","11":"outofstock","12":"shipping-taxable","13":"purchasable","14":"product-type-simple"},"_links":{"self":[{"href":"https:\/\/tilefly.com\/de\/wp-json\/wp\/v2\/product\/531280","targetHints":{"allow":["GET"]}}],"collection":[{"href":"https:\/\/tilefly.com\/de\/wp-json\/wp\/v2\/product"}],"about":[{"href":"https:\/\/tilefly.com\/de\/wp-json\/wp\/v2\/types\/product"}],"replies":[{"embeddable":true,"href":"https:\/\/tilefly.com\/de\/wp-json\/wp\/v2\/comments?post=531280"}],"wp:featuredmedia":[{"embeddable":true,"href":"https:\/\/tilefly.com\/de\/wp-json\/wp\/v2\/media\/531284"}],"wp:attachment":[{"href":"https:\/\/tilefly.com\/de\/wp-json\/wp\/v2\/media?parent=531280"}],"wp:term":[{"taxonomy":"product_brand","embeddable":true,"href":"https:\/\/tilefly.com\/de\/wp-json\/wp\/v2\/product_brand?post=531280"},{"taxonomy":"product_cat","embeddable":true,"href":"https:\/\/tilefly.com\/de\/wp-json\/wp\/v2\/product_cat?post=531280"},{"taxonomy":"product_tag","embeddable":true,"href":"https:\/\/tilefly.com\/de\/wp-json\/wp\/v2\/product_tag?post=531280"}],"curies":[{"name":"wp","href":"https:\/\/api.w.org\/{rel}","templated":true}]}}