{"id":531209,"date":"2020-10-14T22:46:14","date_gmt":"2024-08-13T12:40:33","guid":{"rendered":"https:\/\/tilefly.com\/producto\/emotions-30x90\/"},"modified":"2024-08-13T14:40:33","modified_gmt":"2024-08-13T12:40:33","slug":"emotions-30x90","status":"publish","type":"product","link":"https:\/\/tilefly.com\/de\/produkt\/emotions-30x90\/","title":{"rendered":"EMOTIONS 30X90"},"content":{"rendered":"<p>Klassisch inspirierte Keramikdekoration mit parallelen B\u00e4ndern, die mit L\u00fcstern und Glaspasten angereichert sind.<br \/>Wird pro Quadratmeter verkauft, da es f\u00fcr die Dekoration ganzer Fl\u00e4chen gedacht ist. <\/p>","protected":false},"excerpt":{"rendered":"<p>Klassisch inspirierte Keramikdekoration mit parallelen B\u00e4ndern, die mit L\u00fcstern und Glaspasten angereichert sind.Wird pro Quadratmeter verkauft, da es f\u00fcr die Dekoration ganzer Fl\u00e4chen gedacht ist.<\/p>\n","protected":false},"featured_media":531211,"comment_status":"open","ping_status":"closed","template":"","meta":[],"product_brand":[],"product_cat":[457,458,459],"product_tag":[],"class_list":{"0":"post-531209","1":"product","2":"type-product","3":"status-publish","4":"has-post-thumbnail","6":"product_cat-badezimmer","7":"product_cat-kuchen","8":"product_cat-wandfliesen","10":"first","11":"outofstock","12":"shipping-taxable","13":"purchasable","14":"product-type-simple"},"_links":{"self":[{"href":"https:\/\/tilefly.com\/de\/wp-json\/wp\/v2\/product\/531209","targetHints":{"allow":["GET"]}}],"collection":[{"href":"https:\/\/tilefly.com\/de\/wp-json\/wp\/v2\/product"}],"about":[{"href":"https:\/\/tilefly.com\/de\/wp-json\/wp\/v2\/types\/product"}],"replies":[{"embeddable":true,"href":"https:\/\/tilefly.com\/de\/wp-json\/wp\/v2\/comments?post=531209"}],"wp:featuredmedia":[{"embeddable":true,"href":"https:\/\/tilefly.com\/de\/wp-json\/wp\/v2\/media\/531211"}],"wp:attachment":[{"href":"https:\/\/tilefly.com\/de\/wp-json\/wp\/v2\/media?parent=531209"}],"wp:term":[{"taxonomy":"product_brand","embeddable":true,"href":"https:\/\/tilefly.com\/de\/wp-json\/wp\/v2\/product_brand?post=531209"},{"taxonomy":"product_cat","embeddable":true,"href":"https:\/\/tilefly.com\/de\/wp-json\/wp\/v2\/product_cat?post=531209"},{"taxonomy":"product_tag","embeddable":true,"href":"https:\/\/tilefly.com\/de\/wp-json\/wp\/v2\/product_tag?post=531209"}],"curies":[{"name":"wp","href":"https:\/\/api.w.org\/{rel}","templated":true}]}}