{"id":531188,"date":"2020-10-14T22:46:14","date_gmt":"2024-08-13T12:40:19","guid":{"rendered":"https:\/\/tilefly.com\/producto\/diurne-grey-30x90\/"},"modified":"2024-08-13T14:40:19","modified_gmt":"2024-08-13T12:40:19","slug":"diurne-grey-30x90","status":"publish","type":"product","link":"https:\/\/tilefly.com\/de\/produkt\/diurne-grey-30x90\/","title":{"rendered":"DIURNE GREY 30X90"},"content":{"rendered":"<p>Eklektisches Design, das auf der Verschmelzung von gealtertem Zement mit rostigen Effekten und kleinen Steinen basiert, die ihm Pers\u00f6nlichkeit verleihen.<br \/>Diese rektifizierte Fliese f\u00fchlt sich seidig an und ist eine sehr interessante Option f\u00fcr R\u00e4ume mit Pers\u00f6nlichkeit.<br \/>Erh\u00e4ltlich in einer Reihe von Beiget\u00f6nen, SAND oder Graut\u00f6nen, GREY.  <\/p>","protected":false},"excerpt":{"rendered":"<p>Eklektisches Design, das auf der Verschmelzung von gealtertem Zement mit rostigen Effekten und kleinen Steinen basiert, die ihm Pers\u00f6nlichkeit verleihen.Diese rektifizierte Fliese f\u00fchlt sich seidig an und ist eine sehr interessante Option f\u00fcr R\u00e4ume mit Pers\u00f6nlichkeit.Erh\u00e4ltlich in einer Reihe von Beiget\u00f6nen, SAND oder Graut\u00f6nen, GREY.<\/p>\n","protected":false},"featured_media":120995,"comment_status":"open","ping_status":"closed","template":"","meta":[],"product_brand":[],"product_cat":[457,458,459],"product_tag":[],"class_list":{"0":"post-531188","1":"product","2":"type-product","3":"status-publish","4":"has-post-thumbnail","6":"product_cat-badezimmer","7":"product_cat-kuchen","8":"product_cat-wandfliesen","10":"first","11":"instock","12":"shipping-taxable","13":"purchasable","14":"product-type-simple"},"_links":{"self":[{"href":"https:\/\/tilefly.com\/de\/wp-json\/wp\/v2\/product\/531188","targetHints":{"allow":["GET"]}}],"collection":[{"href":"https:\/\/tilefly.com\/de\/wp-json\/wp\/v2\/product"}],"about":[{"href":"https:\/\/tilefly.com\/de\/wp-json\/wp\/v2\/types\/product"}],"replies":[{"embeddable":true,"href":"https:\/\/tilefly.com\/de\/wp-json\/wp\/v2\/comments?post=531188"}],"wp:featuredmedia":[{"embeddable":true,"href":"https:\/\/tilefly.com\/de\/wp-json\/wp\/v2\/media\/120995"}],"wp:attachment":[{"href":"https:\/\/tilefly.com\/de\/wp-json\/wp\/v2\/media?parent=531188"}],"wp:term":[{"taxonomy":"product_brand","embeddable":true,"href":"https:\/\/tilefly.com\/de\/wp-json\/wp\/v2\/product_brand?post=531188"},{"taxonomy":"product_cat","embeddable":true,"href":"https:\/\/tilefly.com\/de\/wp-json\/wp\/v2\/product_cat?post=531188"},{"taxonomy":"product_tag","embeddable":true,"href":"https:\/\/tilefly.com\/de\/wp-json\/wp\/v2\/product_tag?post=531188"}],"curies":[{"name":"wp","href":"https:\/\/api.w.org\/{rel}","templated":true}]}}