{"id":531149,"date":"2020-10-14T22:46:14","date_gmt":"2024-08-13T12:39:41","guid":{"rendered":"https:\/\/tilefly.com\/producto\/collage-smoke-30x90\/"},"modified":"2024-08-13T14:39:41","modified_gmt":"2024-08-13T12:39:41","slug":"collage-smoke-30x90","status":"publish","type":"product","link":"https:\/\/tilefly.com\/de\/produkt\/collage-smoke-30x90\/","title":{"rendered":"COLLAGE SMOKE 30X90"},"content":{"rendered":"<p>Fliese rektifiziert und dekoriert mit einer Vielzahl von Rohstoffen in Schwarz- und Graut\u00f6nen.<br \/>Patchwork-Design f\u00fcr moderne und elegante R\u00e4ume mit jeweils 12 Modulen, die ein reichhaltiges Patchwork aus Texturen und abstrakten Grafiken auf einem Steinhintergrund bilden. <\/p>","protected":false},"excerpt":{"rendered":"<p>Fliese rektifiziert und dekoriert mit einer Vielzahl von Rohstoffen in Schwarz- und Graut\u00f6nen.Patchwork-Design f\u00fcr moderne und elegante R\u00e4ume mit jeweils 12 Modulen, die ein reichhaltiges Patchwork aus Texturen und abstrakten Grafiken auf einem Steinhintergrund bilden.<\/p>\n","protected":false},"featured_media":531151,"comment_status":"open","ping_status":"closed","template":"","meta":[],"product_brand":[],"product_cat":[457,458,459],"product_tag":[],"class_list":{"0":"post-531149","1":"product","2":"type-product","3":"status-publish","4":"has-post-thumbnail","6":"product_cat-badezimmer","7":"product_cat-kuchen","8":"product_cat-wandfliesen","10":"first","11":"outofstock","12":"shipping-taxable","13":"purchasable","14":"product-type-simple"},"_links":{"self":[{"href":"https:\/\/tilefly.com\/de\/wp-json\/wp\/v2\/product\/531149","targetHints":{"allow":["GET"]}}],"collection":[{"href":"https:\/\/tilefly.com\/de\/wp-json\/wp\/v2\/product"}],"about":[{"href":"https:\/\/tilefly.com\/de\/wp-json\/wp\/v2\/types\/product"}],"replies":[{"embeddable":true,"href":"https:\/\/tilefly.com\/de\/wp-json\/wp\/v2\/comments?post=531149"}],"wp:featuredmedia":[{"embeddable":true,"href":"https:\/\/tilefly.com\/de\/wp-json\/wp\/v2\/media\/531151"}],"wp:attachment":[{"href":"https:\/\/tilefly.com\/de\/wp-json\/wp\/v2\/media?parent=531149"}],"wp:term":[{"taxonomy":"product_brand","embeddable":true,"href":"https:\/\/tilefly.com\/de\/wp-json\/wp\/v2\/product_brand?post=531149"},{"taxonomy":"product_cat","embeddable":true,"href":"https:\/\/tilefly.com\/de\/wp-json\/wp\/v2\/product_cat?post=531149"},{"taxonomy":"product_tag","embeddable":true,"href":"https:\/\/tilefly.com\/de\/wp-json\/wp\/v2\/product_tag?post=531149"}],"curies":[{"name":"wp","href":"https:\/\/api.w.org\/{rel}","templated":true}]}}