{"id":530961,"date":"2023-06-08T20:38:11","date_gmt":"2023-06-08T18:38:11","guid":{"rendered":"https:\/\/tilefly.com\/producto\/crisp-xl-beige-mt-60x120-rect\/"},"modified":"2024-08-13T14:36:48","modified_gmt":"2024-08-13T12:36:48","slug":"crisp-xl-beige-mt-60x120-rect","status":"publish","type":"product","link":"https:\/\/tilefly.com\/de\/produkt\/crisp-xl-beige-mt-60x120-rect\/","title":{"rendered":"Crisp Xl Beige Mt 60X120 Rect"},"content":{"rendered":"<h1><strong>Emaillierte Feinsteinzeug-Fliesen CRISP XL BEIGE MT 60X120 RECT<\/strong><\/h1><p>Diese Fliese aus der CRISP-Serie im Format 60X120 ist ein glasiertes Feinsteinzeug in der Farbe Beige in matter Ausf\u00fchrung.<\/p><h2>Knusprige Serie<\/h2><p> <a href=\"https:\/\/tilefly.com\/producto\/crisp\/\">Crisp<\/a> ist eine Kollektion, die vom granulierten Terrazzo aus gro\u00dfen inkrustierten Steinen inspiriert ist und dem beliebten Stil des traditionellen Terrazzo eine neue Wendung gibt.<br \/>Sie ist in 3 inspirierenden, fr\u00f6hlichen und kr\u00e4ftigen Farben erh\u00e4ltlich, die die Sch\u00f6nheit des Terrazzos noch besser zur Geltung bringen.   <\/p>","protected":false},"excerpt":{"rendered":"<p>Emaillierte Feinsteinzeug-Fliesen CRISP XL BEIGE MT 60X120 RECTDiese Fliese aus der CRISP-Serie im Format 60X120 ist ein glasiertes Feinsteinzeug in der Farbe Beige in matter Ausf\u00fchrung.Knusprige Serie Crisp ist eine Kollektion, die vom granulierten Terrazzo aus gro\u00dfen inkrustierten Steinen inspiriert ist und dem beliebten Stil des traditionellen Terrazzo eine neue Wendung gibt.Sie ist in 3 [&hellip;]<\/p>\n","protected":false},"featured_media":524296,"comment_status":"open","ping_status":"closed","template":"","meta":[],"product_brand":[],"product_cat":[457,458,456,459],"product_tag":[],"class_list":{"0":"post-530961","1":"product","2":"type-product","3":"status-publish","4":"has-post-thumbnail","6":"product_cat-badezimmer","7":"product_cat-kuchen","8":"product_cat-vohnzimmer","9":"product_cat-wandfliesen","11":"first","12":"instock","13":"shipping-taxable","14":"purchasable","15":"product-type-simple"},"_links":{"self":[{"href":"https:\/\/tilefly.com\/de\/wp-json\/wp\/v2\/product\/530961","targetHints":{"allow":["GET"]}}],"collection":[{"href":"https:\/\/tilefly.com\/de\/wp-json\/wp\/v2\/product"}],"about":[{"href":"https:\/\/tilefly.com\/de\/wp-json\/wp\/v2\/types\/product"}],"replies":[{"embeddable":true,"href":"https:\/\/tilefly.com\/de\/wp-json\/wp\/v2\/comments?post=530961"}],"wp:featuredmedia":[{"embeddable":true,"href":"https:\/\/tilefly.com\/de\/wp-json\/wp\/v2\/media\/524296"}],"wp:attachment":[{"href":"https:\/\/tilefly.com\/de\/wp-json\/wp\/v2\/media?parent=530961"}],"wp:term":[{"taxonomy":"product_brand","embeddable":true,"href":"https:\/\/tilefly.com\/de\/wp-json\/wp\/v2\/product_brand?post=530961"},{"taxonomy":"product_cat","embeddable":true,"href":"https:\/\/tilefly.com\/de\/wp-json\/wp\/v2\/product_cat?post=530961"},{"taxonomy":"product_tag","embeddable":true,"href":"https:\/\/tilefly.com\/de\/wp-json\/wp\/v2\/product_tag?post=530961"}],"curies":[{"name":"wp","href":"https:\/\/api.w.org\/{rel}","templated":true}]}}