{"id":530951,"date":"2023-02-06T19:52:01","date_gmt":"2023-02-06T18:52:01","guid":{"rendered":"https:\/\/tilefly.com\/producto\/bellevue-ivory-60x120-rect-pulido\/"},"modified":"2024-08-13T14:36:40","modified_gmt":"2024-08-13T12:36:40","slug":"bellevue-ivory-60x120-rect-pulido","status":"publish","type":"product","link":"https:\/\/tilefly.com\/de\/produkt\/bellevue-ivory-60x120-rect-pulido\/","title":{"rendered":"BELLEVUE IVORY 60X120 RECT PULIDO"},"content":{"rendered":"<h1><strong>Bellevue Elfenbein 60X120 Rechteckig Poliert Glasierte Feinsteinzeug Fliesen<\/strong><\/h1><p>Diese Fliese aus der Serie Bellevue im Format 60X120 ist ein Feinsteinzeug in der Farbe Beige in der Ausf\u00fchrung Polished.<\/p><h2>Bellevue Serie<\/h2><p><a href=\"https:\/\/tilefly.com\/producto\/bellevue\/\">Bellevue<\/a> Steinoptikfliesen Kollektion<\/p><p>Die raffinierte Eleganz von Stein wird in einer Umgebung voller visueller Sch\u00f6nheit zum Leben erweckt!<\/p><p>Die Kollektion bezieht sich auf den Naturstein von Burlington, ist aber minimalistisch gehalten.<br \/>Ein kompakter Hintergrund mit subtilen Bewegungen, die ihm Dynamik und feine Adern der besten Schliffe verleihen.<br \/>Er weckt Emotionen und vermittelt Leidenschaft.<br \/>Ein zeitloses Produkt, das sich durch seine Schlichtheit auszeichnet, weil es den Raum nicht dominiert, sondern die Pers\u00f6nlichkeiten flie\u00dfen l\u00e4sst.   <\/p>","protected":false},"excerpt":{"rendered":"<p>Bellevue Elfenbein 60X120 Rechteckig Poliert Glasierte Feinsteinzeug FliesenDiese Fliese aus der Serie Bellevue im Format 60X120 ist ein Feinsteinzeug in der Farbe Beige in der Ausf\u00fchrung Polished.Bellevue SerieBellevue Steinoptikfliesen KollektionDie raffinierte Eleganz von Stein wird in einer Umgebung voller visueller Sch\u00f6nheit zum Leben erweckt!Die Kollektion bezieht sich auf den Naturstein von Burlington, ist aber minimalistisch [&hellip;]<\/p>\n","protected":false},"featured_media":522676,"comment_status":"open","ping_status":"closed","template":"","meta":[],"product_brand":[],"product_cat":[457,458,456,459],"product_tag":[],"class_list":{"0":"post-530951","1":"product","2":"type-product","3":"status-publish","4":"has-post-thumbnail","6":"product_cat-badezimmer","7":"product_cat-kuchen","8":"product_cat-vohnzimmer","9":"product_cat-wandfliesen","11":"first","12":"instock","13":"shipping-taxable","14":"purchasable","15":"product-type-simple"},"_links":{"self":[{"href":"https:\/\/tilefly.com\/de\/wp-json\/wp\/v2\/product\/530951","targetHints":{"allow":["GET"]}}],"collection":[{"href":"https:\/\/tilefly.com\/de\/wp-json\/wp\/v2\/product"}],"about":[{"href":"https:\/\/tilefly.com\/de\/wp-json\/wp\/v2\/types\/product"}],"replies":[{"embeddable":true,"href":"https:\/\/tilefly.com\/de\/wp-json\/wp\/v2\/comments?post=530951"}],"wp:featuredmedia":[{"embeddable":true,"href":"https:\/\/tilefly.com\/de\/wp-json\/wp\/v2\/media\/522676"}],"wp:attachment":[{"href":"https:\/\/tilefly.com\/de\/wp-json\/wp\/v2\/media?parent=530951"}],"wp:term":[{"taxonomy":"product_brand","embeddable":true,"href":"https:\/\/tilefly.com\/de\/wp-json\/wp\/v2\/product_brand?post=530951"},{"taxonomy":"product_cat","embeddable":true,"href":"https:\/\/tilefly.com\/de\/wp-json\/wp\/v2\/product_cat?post=530951"},{"taxonomy":"product_tag","embeddable":true,"href":"https:\/\/tilefly.com\/de\/wp-json\/wp\/v2\/product_tag?post=530951"}],"curies":[{"name":"wp","href":"https:\/\/api.w.org\/{rel}","templated":true}]}}