{"id":530944,"date":"2023-02-06T19:30:29","date_gmt":"2023-02-06T18:30:29","guid":{"rendered":"https:\/\/tilefly.com\/producto\/bellevue-white-mt-60x120-rect-inout\/"},"modified":"2025-04-19T10:32:57","modified_gmt":"2025-04-19T08:32:57","slug":"bellevue-white-mt-60x120-rect-inout","status":"publish","type":"product","link":"https:\/\/tilefly.com\/de\/produkt\/bellevue-white-mt-60x120-rect-inout\/","title":{"rendered":"BELLEVUE WHITE MT 60X120 RECT INOUT"},"content":{"rendered":"<h1><strong>Bellevue Wei\u00df Matt Glasiertes Feinsteinzeug Mt 60X120 Rect Inout<\/strong><\/h1><p>Diese Fliese aus der Serie Bellevue im Format 60X120 ist ein mattes glasiertes Feinsteinzeug in der Farbe Wei\u00df in matter Ausf\u00fchrung.<\/p><p>Diese Fliese verf\u00fcgt \u00fcber die INOUT-Technologie, eine Materialeigenschaft, die sie weich im Griff und rutschfest zwischen C2-C3 und R10-R11 macht, ideal f\u00fcr die Verlegung innerhalb und au\u00dferhalb des Hauses.<\/p><h2>Bellevue Serie<\/h2><p><a href=\"https:\/\/tilefly.com\/producto\/bellevue\/\">Bellevue<\/a> Steinoptikfliesen Kollektion<\/p><p>Die raffinierte Eleganz von Stein wird in einer Umgebung voller visueller Sch\u00f6nheit zum Leben erweckt!<\/p><p>Die Kollektion bezieht sich auf den Naturstein von Burlington, ist aber minimalistisch gehalten.<br \/>Ein kompakter Hintergrund mit subtilen Bewegungen, die ihm Dynamik und feine Adern der besten Schliffe verleihen.<br \/>Er weckt Emotionen und vermittelt Leidenschaft.<br \/>Ein zeitloses Produkt, das sich durch seine Schlichtheit auszeichnet, weil es den Raum nicht dominiert, sondern die Pers\u00f6nlichkeiten flie\u00dfen l\u00e4sst.   <\/p>","protected":false},"excerpt":{"rendered":"<p>Bellevue Wei\u00df Matt Glasiertes Feinsteinzeug Mt 60X120 Rect InoutDiese Fliese aus der Serie Bellevue im Format 60X120 ist ein mattes glasiertes Feinsteinzeug in der Farbe Wei\u00df in matter Ausf\u00fchrung.Diese Fliese verf\u00fcgt \u00fcber die INOUT-Technologie, eine Materialeigenschaft, die sie weich im Griff und rutschfest zwischen C2-C3 und R10-R11 macht, ideal f\u00fcr die Verlegung innerhalb und au\u00dferhalb [&hellip;]<\/p>\n","protected":false},"featured_media":522397,"comment_status":"open","ping_status":"closed","template":"","meta":[],"product_brand":[],"product_cat":[457,458,456,459],"product_tag":[],"class_list":{"0":"post-530944","1":"product","2":"type-product","3":"status-publish","4":"has-post-thumbnail","6":"product_cat-badezimmer","7":"product_cat-kuchen","8":"product_cat-vohnzimmer","9":"product_cat-wandfliesen","11":"first","12":"instock","13":"shipping-taxable","14":"purchasable","15":"product-type-simple"},"_links":{"self":[{"href":"https:\/\/tilefly.com\/de\/wp-json\/wp\/v2\/product\/530944","targetHints":{"allow":["GET"]}}],"collection":[{"href":"https:\/\/tilefly.com\/de\/wp-json\/wp\/v2\/product"}],"about":[{"href":"https:\/\/tilefly.com\/de\/wp-json\/wp\/v2\/types\/product"}],"replies":[{"embeddable":true,"href":"https:\/\/tilefly.com\/de\/wp-json\/wp\/v2\/comments?post=530944"}],"wp:featuredmedia":[{"embeddable":true,"href":"https:\/\/tilefly.com\/de\/wp-json\/wp\/v2\/media\/522397"}],"wp:attachment":[{"href":"https:\/\/tilefly.com\/de\/wp-json\/wp\/v2\/media?parent=530944"}],"wp:term":[{"taxonomy":"product_brand","embeddable":true,"href":"https:\/\/tilefly.com\/de\/wp-json\/wp\/v2\/product_brand?post=530944"},{"taxonomy":"product_cat","embeddable":true,"href":"https:\/\/tilefly.com\/de\/wp-json\/wp\/v2\/product_cat?post=530944"},{"taxonomy":"product_tag","embeddable":true,"href":"https:\/\/tilefly.com\/de\/wp-json\/wp\/v2\/product_tag?post=530944"}],"curies":[{"name":"wp","href":"https:\/\/api.w.org\/{rel}","templated":true}]}}